{"id":25438,"date":"2024-12-08T12:30:28","date_gmt":"2024-12-08T12:30:28","guid":{"rendered":"https:\/\/moirai.si\/?post_type=product&#038;p=25438"},"modified":"2026-01-12T10:48:50","modified_gmt":"2026-01-12T10:48:50","slug":"privjesak-od-crvenog-jaspisa-5","status":"publish","type":"product","link":"https:\/\/moirai.si\/hr\/izdelek\/obesek-jaspis-rdeci-5\/","title":{"rendered":"Privjesak Crveni Jaspis"},"content":{"rendered":"<p>Privjesak crveni Jaspis i srebro 925. Lanac nije uklju\u010den u cijenu. Ovdje mo\u017eete odabrati novi lanac: <a href=\"https:\/\/moirai.si\/hr\/kategorija-proizvoda\/privjesci-i-lancici\/lanci-i-uzice\/\" target=\"_blank\" rel=\"noopener noreferrer\">Lanci<\/a><\/p>\n<p>MATERIJAL: crveni jaspis, srebro 925<br \/>\nTE\u017dINA: 5,2g<br \/>\nDIMENZIJA KAMENA: 1\u00d73,3 cm<br \/>\nDEBLJINA KAMENA: 0,5 cm<br \/>\nDU\u017dINA PRIVJESKA: 4,4 cm<\/p>","protected":false},"excerpt":{"rendered":"<p>\u010cudovit obesek rde\u010dega Jaspisa in srebra 925. Veri\u017eica ni vklju\u010dena v ceno. Novo veri\u017eico si lahko izberete tukaj: Veri\u017eice MATERIAL: rde\u010di Jaspis, Srebro 925 TE\u017dA: 5,2g VELIKOST KAMNA: 1&#215;3,3 cm DEBELINA KAMNA: 0,5 cm DOL\u017dINA OBESKA: 4,4 cm<\/p>","protected":false},"featured_media":25559,"template":"","meta":[],"product_brand":[],"product_cat":[47,910],"product_tag":[779,371],"class_list":{"0":"post-25438","1":"product","2":"type-product","3":"status-publish","4":"has-post-thumbnail","6":"product_cat-jaspis","7":"product_cat-obeski-in-srebro","8":"product_tag-rdeci-jaspis","9":"product_tag-srebro-925","11":"first","12":"instock","13":"shipping-taxable","14":"purchasable","15":"product-type-simple"},"_links":{"self":[{"href":"https:\/\/moirai.si\/hr\/wp-json\/wp\/v2\/product\/25438","targetHints":{"allow":["GET"]}}],"collection":[{"href":"https:\/\/moirai.si\/hr\/wp-json\/wp\/v2\/product"}],"about":[{"href":"https:\/\/moirai.si\/hr\/wp-json\/wp\/v2\/types\/product"}],"wp:featuredmedia":[{"embeddable":true,"href":"https:\/\/moirai.si\/hr\/wp-json\/wp\/v2\/media\/25559"}],"wp:attachment":[{"href":"https:\/\/moirai.si\/hr\/wp-json\/wp\/v2\/media?parent=25438"}],"wp:term":[{"taxonomy":"product_brand","embeddable":true,"href":"https:\/\/moirai.si\/hr\/wp-json\/wp\/v2\/product_brand?post=25438"},{"taxonomy":"product_cat","embeddable":true,"href":"https:\/\/moirai.si\/hr\/wp-json\/wp\/v2\/product_cat?post=25438"},{"taxonomy":"product_tag","embeddable":true,"href":"https:\/\/moirai.si\/hr\/wp-json\/wp\/v2\/product_tag?post=25438"}],"curies":[{"name":"wp","href":"https:\/\/api.w.org\/{rel}","templated":true}]}}