{"id":25457,"date":"2024-12-08T16:31:02","date_gmt":"2024-12-08T16:31:02","guid":{"rendered":"https:\/\/moirai.si\/?post_type=product&#038;p=25457"},"modified":"2025-01-06T17:03:11","modified_gmt":"2025-01-06T17:03:11","slug":"obesek-hrizokol-5","status":"publish","type":"product","link":"https:\/\/moirai.si\/hr\/izdelek\/obesek-hrizokol-5\/","title":{"rendered":"Privjesak Krizokola"},"content":{"rendered":"<p>Prekrasan privjesak od 925 srebra i Krizokole. Lanac nije uklju\u010den u cijenu. Ovdje mo\u017eete odabrati novi lanac: <a href=\"https:\/\/moirai.si\/hr\/kategorija-proizvoda\/privjesci-i-lancici\/lanci-i-uzice\/\" target=\"_blank\" rel=\"noopener noreferrer\">Lanci<\/a><\/p>\n<p>MATERIJAL: Krizokola, srebro 925<br \/>\nTE\u017dINA: 11,6g<br \/>\nVELIKOST KAMNA: 1,5&#215;3,2 cm<br \/>\nDEBLJINA KAMENA: 0,9 cm<br \/>\nDU\u017dINA PRIVJESKA: 4,1 cm<\/p>","protected":false},"excerpt":{"rendered":"<p>\u010cudovit obesek Hrizokola in srebra 925. Veri\u017eica ni vklju\u010dena v ceno. Novo veri\u017eico si lahko izberete tukaj: Veri\u017eice MATERIAL: Hrizokol, Srebro 925 TE\u017dA: 11,6g VELIKOST KAMNA: 1,5&#215;3,2 cm DEBELINA KAMNA: 0,9 cm DOL\u017dINA OBESKA: 4,1 cm<\/p>","protected":false},"featured_media":25458,"template":"","meta":[],"product_brand":[],"product_cat":[780,910],"product_tag":[777,371],"class_list":{"0":"post-25457","1":"product","2":"type-product","3":"status-publish","4":"has-post-thumbnail","6":"product_cat-hrizokol","7":"product_cat-obeski-in-srebro","8":"product_tag-hrizokol","9":"product_tag-srebro-925","11":"first","12":"instock","13":"shipping-taxable","14":"purchasable","15":"product-type-simple"},"_links":{"self":[{"href":"https:\/\/moirai.si\/hr\/wp-json\/wp\/v2\/product\/25457","targetHints":{"allow":["GET"]}}],"collection":[{"href":"https:\/\/moirai.si\/hr\/wp-json\/wp\/v2\/product"}],"about":[{"href":"https:\/\/moirai.si\/hr\/wp-json\/wp\/v2\/types\/product"}],"wp:featuredmedia":[{"embeddable":true,"href":"https:\/\/moirai.si\/hr\/wp-json\/wp\/v2\/media\/25458"}],"wp:attachment":[{"href":"https:\/\/moirai.si\/hr\/wp-json\/wp\/v2\/media?parent=25457"}],"wp:term":[{"taxonomy":"product_brand","embeddable":true,"href":"https:\/\/moirai.si\/hr\/wp-json\/wp\/v2\/product_brand?post=25457"},{"taxonomy":"product_cat","embeddable":true,"href":"https:\/\/moirai.si\/hr\/wp-json\/wp\/v2\/product_cat?post=25457"},{"taxonomy":"product_tag","embeddable":true,"href":"https:\/\/moirai.si\/hr\/wp-json\/wp\/v2\/product_tag?post=25457"}],"curies":[{"name":"wp","href":"https:\/\/api.w.org\/{rel}","templated":true}]}}