{"id":25463,"date":"2024-12-08T19:18:26","date_gmt":"2024-12-08T19:18:26","guid":{"rendered":"https:\/\/moirai.si\/?post_type=product&#038;p=25463"},"modified":"2025-01-06T17:02:58","modified_gmt":"2025-01-06T17:02:58","slug":"privjesak-heliotropa-2","status":"publish","type":"product","link":"https:\/\/moirai.si\/hr\/izdelek\/obesek-heliotrop-2\/","title":{"rendered":"Privjesak Heliotrop"},"content":{"rendered":"<p>Prekrasan privjesak s heliotropom i srebrom 925. Lanac nije uklju\u010den u cijenu. Novi lanac mo\u017eete odabrati ovdje: <a href=\"https:\/\/moirai.si\/hr\/kategorija-proizvoda\/privjesci-i-lancici\/lanci-i-uzice\/\" target=\"_blank\" rel=\"noopener noreferrer\">Lanci<\/a><\/p>\n<p>MATERIJAL: Heliotrop, srebro 925<br \/>\nTE\u017dINA: 4,1g<br \/>\nDIMENZIJA KAMENA: 1,3\u00d72,1 cm<br \/>\nDEBLJINA KAMENA: 0,5 cm<br \/>\nDU\u017dINA PRIVJESKA: 3 cm<\/p>","protected":false},"excerpt":{"rendered":"<p>\u010cudovit obesek Heliotropa in srebra 925. Veri\u017eica ni vklju\u010dena v ceno. Novo veri\u017eico si lahko izberete tukaj: Veri\u017eice MATERIAL: Heliotrop, Srebro 925 TE\u017dA: 4,1g VELIKOST KAMNA: 1,3&#215;2,1 cm DEBELINA KAMNA: 0,5 cm DOL\u017dINA OBESKA: 3 cm<\/p>","protected":false},"featured_media":25464,"template":"","meta":[],"product_brand":[],"product_cat":[518,910],"product_tag":[486,371],"class_list":{"0":"post-25463","1":"product","2":"type-product","3":"status-publish","4":"has-post-thumbnail","6":"product_cat-heliotrop","7":"product_cat-obeski-in-srebro","8":"product_tag-heliotrop","9":"product_tag-srebro-925","11":"first","12":"instock","13":"shipping-taxable","14":"purchasable","15":"product-type-simple"},"_links":{"self":[{"href":"https:\/\/moirai.si\/hr\/wp-json\/wp\/v2\/product\/25463","targetHints":{"allow":["GET"]}}],"collection":[{"href":"https:\/\/moirai.si\/hr\/wp-json\/wp\/v2\/product"}],"about":[{"href":"https:\/\/moirai.si\/hr\/wp-json\/wp\/v2\/types\/product"}],"wp:featuredmedia":[{"embeddable":true,"href":"https:\/\/moirai.si\/hr\/wp-json\/wp\/v2\/media\/25464"}],"wp:attachment":[{"href":"https:\/\/moirai.si\/hr\/wp-json\/wp\/v2\/media?parent=25463"}],"wp:term":[{"taxonomy":"product_brand","embeddable":true,"href":"https:\/\/moirai.si\/hr\/wp-json\/wp\/v2\/product_brand?post=25463"},{"taxonomy":"product_cat","embeddable":true,"href":"https:\/\/moirai.si\/hr\/wp-json\/wp\/v2\/product_cat?post=25463"},{"taxonomy":"product_tag","embeddable":true,"href":"https:\/\/moirai.si\/hr\/wp-json\/wp\/v2\/product_tag?post=25463"}],"curies":[{"name":"wp","href":"https:\/\/api.w.org\/{rel}","templated":true}]}}