{"id":25475,"date":"2024-12-08T20:07:10","date_gmt":"2024-12-08T20:07:10","guid":{"rendered":"https:\/\/moirai.si\/?post_type=product&#038;p=25475"},"modified":"2025-02-19T18:41:31","modified_gmt":"2025-02-19T18:41:31","slug":"privjesak-od-ahata-3","status":"publish","type":"product","link":"https:\/\/moirai.si\/hr\/izdelek\/obesek-ahat-3\/","title":{"rendered":"Privjesak Ahat"},"content":{"rendered":"<p>Prekrasan privjesak od 925 srebra i Dendrite Opal Ahata. Lanac nije uklju\u010den u cijenu. Ovdje mo\u017eete odabrati novi lanac: <a href=\"https:\/\/moirai.si\/hr\/kategorija-proizvoda\/privjesci-i-lancici\/lanci-i-uzice\/\" target=\"_blank\" rel=\"noopener noreferrer\">Lanci<\/a><\/p>\n<p>Vi\u0161e informacija: <a href=\"https:\/\/moirai.si\/hr\/ahat\/\" target=\"_blank\" rel=\"noopener noreferrer\">Ahat<\/a><\/p>\n<p>MATERIJAL: Ahat, srebro 925<br \/>\nTE\u017dINA: 5,9g<br \/>\nDIMENZIJA KAMENA: 1,3\u00d72,5 cm<br \/>\nDEBLJINA KAMENA: 0,7 cm<br \/>\nDU\u017dINA PRIVJESKA: 3,7 cm<\/p>","protected":false},"excerpt":{"rendered":"<p>\u010cudovit obesek Ahata in srebra 925. Veri\u017eica ni vklju\u010dena v ceno. Novo veri\u017eico si lahko izberete tukaj: Veri\u017eice Ve\u010d informacij: Ahat MATERIAL: Ahat, Srebro 925 TE\u017dA: 5,9g VELIKOST KAMNA: 1,1&#215;2,7 cm DEBELINA KAMNA: 0,7 cm DOL\u017dINA OBESKA: 3,7 cm<\/p>","protected":false},"featured_media":25476,"template":"","meta":[],"product_brand":[],"product_cat":[30,910],"product_tag":[277,371],"class_list":{"0":"post-25475","1":"product","2":"type-product","3":"status-publish","4":"has-post-thumbnail","6":"product_cat-ahat","7":"product_cat-obeski-in-srebro","8":"product_tag-ahat","9":"product_tag-srebro-925","11":"first","12":"instock","13":"shipping-taxable","14":"purchasable","15":"product-type-simple"},"_links":{"self":[{"href":"https:\/\/moirai.si\/hr\/wp-json\/wp\/v2\/product\/25475","targetHints":{"allow":["GET"]}}],"collection":[{"href":"https:\/\/moirai.si\/hr\/wp-json\/wp\/v2\/product"}],"about":[{"href":"https:\/\/moirai.si\/hr\/wp-json\/wp\/v2\/types\/product"}],"wp:featuredmedia":[{"embeddable":true,"href":"https:\/\/moirai.si\/hr\/wp-json\/wp\/v2\/media\/25476"}],"wp:attachment":[{"href":"https:\/\/moirai.si\/hr\/wp-json\/wp\/v2\/media?parent=25475"}],"wp:term":[{"taxonomy":"product_brand","embeddable":true,"href":"https:\/\/moirai.si\/hr\/wp-json\/wp\/v2\/product_brand?post=25475"},{"taxonomy":"product_cat","embeddable":true,"href":"https:\/\/moirai.si\/hr\/wp-json\/wp\/v2\/product_cat?post=25475"},{"taxonomy":"product_tag","embeddable":true,"href":"https:\/\/moirai.si\/hr\/wp-json\/wp\/v2\/product_tag?post=25475"}],"curies":[{"name":"wp","href":"https:\/\/api.w.org\/{rel}","templated":true}]}}