{"id":25483,"date":"2024-12-08T20:34:00","date_gmt":"2024-12-08T20:34:00","guid":{"rendered":"https:\/\/moirai.si\/?post_type=product&#038;p=25483"},"modified":"2025-02-19T18:49:33","modified_gmt":"2025-02-19T18:49:33","slug":"privjesak-od-akvamarina-3","status":"publish","type":"product","link":"https:\/\/moirai.si\/hr\/izdelek\/obesek-akvamarin-3\/","title":{"rendered":"Privjesak Akvamarin"},"content":{"rendered":"<p>Prekrasan privjesak od akvamarina i srebra 925. Lanac nije uklju\u010den u cijenu. Novi lanac mo\u017eete odabrati ovdje: <a href=\"https:\/\/moirai.si\/hr\/kategorija-proizvoda\/privjesci-i-lancici\/lanci-i-uzice\/\" target=\"_blank\" rel=\"noopener noreferrer\">Lanci<\/a><\/p>\n<p>Vi\u0161e informacija: <a href=\"https:\/\/moirai.si\/hr\/akvamarin\/\" target=\"_blank\" rel=\"noopener noreferrer\">Akvamarin<\/a><\/p>\n<p>MATERIJAL: akvamarin, srebro 925<br \/>\nTE\u017dINA: 2,4g<br \/>\nDIMENZIJA KAMENA: 1,4\u00d71,5 cm<br \/>\nDEBLJINA KAMENA: 0,2 cm<br \/>\nDU\u017dINA PRIVJESKA: 2,3 cm<\/p>","protected":false},"excerpt":{"rendered":"<p>\u010cudovit obesek Akvamarina in srebra 925. Veri\u017eica ni vklju\u010dena v ceno. Novo veri\u017eico si lahko izberete tukaj: Veri\u017eice Ve\u010d informacij: Akvamarin MATERIAL: Akvamarin, Srebro 925 TE\u017dA: 2,4g VELIKOST KAMNA: 1,4&#215;1,5 cm DEBELINA KAMNA: 0,2 cm DOL\u017dINA OBESKA: 2,3 cm<\/p>","protected":false},"featured_media":25484,"template":"","meta":[],"product_brand":[],"product_cat":[34,910],"product_tag":[311,371],"class_list":{"0":"post-25483","1":"product","2":"type-product","3":"status-publish","4":"has-post-thumbnail","6":"product_cat-akvamarin","7":"product_cat-obeski-in-srebro","8":"product_tag-akvamarin","9":"product_tag-srebro-925","11":"first","12":"instock","13":"shipping-taxable","14":"purchasable","15":"product-type-simple"},"_links":{"self":[{"href":"https:\/\/moirai.si\/hr\/wp-json\/wp\/v2\/product\/25483","targetHints":{"allow":["GET"]}}],"collection":[{"href":"https:\/\/moirai.si\/hr\/wp-json\/wp\/v2\/product"}],"about":[{"href":"https:\/\/moirai.si\/hr\/wp-json\/wp\/v2\/types\/product"}],"wp:featuredmedia":[{"embeddable":true,"href":"https:\/\/moirai.si\/hr\/wp-json\/wp\/v2\/media\/25484"}],"wp:attachment":[{"href":"https:\/\/moirai.si\/hr\/wp-json\/wp\/v2\/media?parent=25483"}],"wp:term":[{"taxonomy":"product_brand","embeddable":true,"href":"https:\/\/moirai.si\/hr\/wp-json\/wp\/v2\/product_brand?post=25483"},{"taxonomy":"product_cat","embeddable":true,"href":"https:\/\/moirai.si\/hr\/wp-json\/wp\/v2\/product_cat?post=25483"},{"taxonomy":"product_tag","embeddable":true,"href":"https:\/\/moirai.si\/hr\/wp-json\/wp\/v2\/product_tag?post=25483"}],"curies":[{"name":"wp","href":"https:\/\/api.w.org\/{rel}","templated":true}]}}