{"id":25487,"date":"2024-12-08T21:15:45","date_gmt":"2024-12-08T21:15:45","guid":{"rendered":"https:\/\/moirai.si\/?post_type=product&#038;p=25487"},"modified":"2025-01-06T16:20:49","modified_gmt":"2025-01-06T16:20:49","slug":"privjesak-od-tanzanita","status":"publish","type":"product","link":"https:\/\/moirai.si\/hr\/izdelek\/obesek-tanzanit\/","title":{"rendered":"Privjesak Tanzanit"},"content":{"rendered":"<p>Privjesak Tanzanit i srebro 925. Lanac nije uklju\u010den u cijenu. Ovdje mo\u017eete odabrati novi lanac: <a href=\"https:\/\/moirai.si\/hr\/kategorija-proizvoda\/privjesci-i-lancici\/lanci-i-uzice\/\" target=\"_blank\" rel=\"noopener noreferrer\">Lanci<\/a><\/p>\n<p>MATERIJAL: tanzanit, srebro 925<br \/>\nTE\u017dINA: 1,6g<br \/>\nDIMENZIJA KAMENA: 0,5\u00d71,4 cm<br \/>\nDEBLJINA KAMENA: 0,4 cm<br \/>\nDU\u017dINA PRIVJESKA: 2,3 cm<\/p>","protected":false},"excerpt":{"rendered":"<p>\u010cudovit obesek Tanzanita in srebra 925. Veri\u017eica ni vklju\u010dena v ceno. Novo veri\u017eico si lahko izberete tukaj: Veri\u017eice MATERIAL: Tanzanit, Srebro 925 TE\u017dA: 1,6g VELIKOST KAMNA: 0,5&#215;1,4 cm DEBELINA KAMNA: 0,4 cm DOL\u017dINA OBESKA: 2,3 cm<\/p>","protected":false},"featured_media":25488,"template":"","meta":[],"product_brand":[],"product_cat":[910,80],"product_tag":[371,791],"class_list":{"0":"post-25487","1":"product","2":"type-product","3":"status-publish","4":"has-post-thumbnail","6":"product_cat-obeski-in-srebro","7":"product_cat-tanzanit","8":"product_tag-srebro-925","9":"product_tag-tanzanit","11":"first","12":"instock","13":"shipping-taxable","14":"purchasable","15":"product-type-simple"},"_links":{"self":[{"href":"https:\/\/moirai.si\/hr\/wp-json\/wp\/v2\/product\/25487","targetHints":{"allow":["GET"]}}],"collection":[{"href":"https:\/\/moirai.si\/hr\/wp-json\/wp\/v2\/product"}],"about":[{"href":"https:\/\/moirai.si\/hr\/wp-json\/wp\/v2\/types\/product"}],"wp:featuredmedia":[{"embeddable":true,"href":"https:\/\/moirai.si\/hr\/wp-json\/wp\/v2\/media\/25488"}],"wp:attachment":[{"href":"https:\/\/moirai.si\/hr\/wp-json\/wp\/v2\/media?parent=25487"}],"wp:term":[{"taxonomy":"product_brand","embeddable":true,"href":"https:\/\/moirai.si\/hr\/wp-json\/wp\/v2\/product_brand?post=25487"},{"taxonomy":"product_cat","embeddable":true,"href":"https:\/\/moirai.si\/hr\/wp-json\/wp\/v2\/product_cat?post=25487"},{"taxonomy":"product_tag","embeddable":true,"href":"https:\/\/moirai.si\/hr\/wp-json\/wp\/v2\/product_tag?post=25487"}],"curies":[{"name":"wp","href":"https:\/\/api.w.org\/{rel}","templated":true}]}}