{"id":25493,"date":"2024-12-08T21:32:43","date_gmt":"2024-12-08T21:32:43","guid":{"rendered":"https:\/\/moirai.si\/?post_type=product&#038;p=25493"},"modified":"2025-07-24T11:46:04","modified_gmt":"2025-07-24T11:46:04","slug":"privjesak-turmalin-rubelit-2","status":"publish","type":"product","link":"https:\/\/moirai.si\/hr\/izdelek\/obesek-turmalin-rubelit-2\/","title":{"rendered":"Privjesak Turmalin Rubellit"},"content":{"rendered":"<p>Privjesak Turmalin i srebro 925. Lanac nije uklju\u010den u cijenu. Ovdje mo\u017eete odabrati novi lanac: <a href=\"https:\/\/moirai.si\/hr\/kategorija-proizvoda\/privjesci-i-lancici\/lanci-i-uzice\/\" target=\"_blank\" rel=\"noopener noreferrer\">Lanci<\/a><\/p>\n<p>MATERIJAL: ru\u017ei\u010dasti turmalin rubelit (AAA kvaliteta), srebro 925<br \/>\nTE\u017dINA: 3,1g<br \/>\nDIMENZIJA KAMENA: 1,2\u00d71,3 cm<br \/>\nDEBLJINA KAMENA: 0,5 cm<br \/>\nDU\u017dINA PRIVJESKA: 2,2 cm<\/p>","protected":false},"excerpt":{"rendered":"<p>\u010cudovit obesek Turmalina in srebra 925. Veri\u017eica ni vklju\u010dena v ceno. Novo veri\u017eico si lahko izberete tukaj: Veri\u017eice MATERIAL: roza Turmalin Rubelit (AAA kvaliteta), Srebro 925 TE\u017dA: 3,1g VELIKOST KAMNA: 1,2&#215;1,3 cm DEBELINA KAMNA: 0,5 cm DOL\u017dINA OBESKA: 2,2 cm<\/p>","protected":false},"featured_media":25494,"template":"","meta":[],"product_brand":[],"product_cat":[910,85],"product_tag":[1133,371],"class_list":{"0":"post-25493","1":"product","2":"type-product","3":"status-publish","4":"has-post-thumbnail","6":"product_cat-obeski-in-srebro","7":"product_cat-turmalin","8":"product_tag-roza-turmalin-rubelit-aaa-kvaliteta","9":"product_tag-srebro-925","11":"first","12":"instock","13":"shipping-taxable","14":"purchasable","15":"product-type-simple"},"_links":{"self":[{"href":"https:\/\/moirai.si\/hr\/wp-json\/wp\/v2\/product\/25493","targetHints":{"allow":["GET"]}}],"collection":[{"href":"https:\/\/moirai.si\/hr\/wp-json\/wp\/v2\/product"}],"about":[{"href":"https:\/\/moirai.si\/hr\/wp-json\/wp\/v2\/types\/product"}],"wp:featuredmedia":[{"embeddable":true,"href":"https:\/\/moirai.si\/hr\/wp-json\/wp\/v2\/media\/25494"}],"wp:attachment":[{"href":"https:\/\/moirai.si\/hr\/wp-json\/wp\/v2\/media?parent=25493"}],"wp:term":[{"taxonomy":"product_brand","embeddable":true,"href":"https:\/\/moirai.si\/hr\/wp-json\/wp\/v2\/product_brand?post=25493"},{"taxonomy":"product_cat","embeddable":true,"href":"https:\/\/moirai.si\/hr\/wp-json\/wp\/v2\/product_cat?post=25493"},{"taxonomy":"product_tag","embeddable":true,"href":"https:\/\/moirai.si\/hr\/wp-json\/wp\/v2\/product_tag?post=25493"}],"curies":[{"name":"wp","href":"https:\/\/api.w.org\/{rel}","templated":true}]}}