{"id":25495,"date":"2024-12-08T21:37:58","date_gmt":"2024-12-08T21:37:58","guid":{"rendered":"https:\/\/moirai.si\/?post_type=product&#038;p=25495"},"modified":"2025-11-24T11:37:06","modified_gmt":"2025-11-24T11:37:06","slug":"obesek-turmalin-watermelon-2","status":"publish","type":"product","link":"https:\/\/moirai.si\/hr\/izdelek\/obesek-turmalin-watermelon-2\/","title":{"rendered":"Obesek Turmalin Watermelon"},"content":{"rendered":"<p>Prekrasan privjesak od turmalina (lubenica) i 925 srebra. Lanac nije uklju\u010den u cijenu. Ovdje mo\u017eete odabrati novi lanac: <a href=\"https:\/\/moirai.si\/hr\/kategorija-proizvoda\/privjesci-i-lancici\/lanci-i-uzice\/\" target=\"_blank\" rel=\"noopener noreferrer\">Lanci<\/a><\/p>\n<p>MATERIJAL: Turmalin (lubenica), srebro 925<br \/>\nTE\u017dINA: 2,9g<br \/>\nDIMENZIJA KAMENA: 0,7\u00d71,7 cm<br \/>\nDEBLJINA KAMENA: 0,7 cm<br \/>\nDU\u017dINA PRIVJESKA: 2,5 cm<\/p>","protected":false},"excerpt":{"rendered":"<p>\u010cudovit obesek Turmalina (lubenica\/watermelon) in srebra 925. Veri\u017eica ni vklju\u010dena v ceno. Novo veri\u017eico si lahko izberete tukaj: Veri\u017eice MATERIAL: lubenica Turmalin (watermelon), Srebro 925 TE\u017dA: 2,9g VELIKOST KAMNA: 0,7&#215;1,7 cm DEBELINA KAMNA: 0,7 cm DOL\u017dINA OBESKA: 2,5 cm<\/p>","protected":false},"featured_media":25496,"template":"","meta":[],"product_brand":[],"product_cat":[910,85],"product_tag":[1112,371],"class_list":{"0":"post-25495","1":"product","2":"type-product","3":"status-publish","4":"has-post-thumbnail","6":"product_cat-obeski-in-srebro","7":"product_cat-turmalin","8":"product_tag-lubenica-turmalin-watermelon","9":"product_tag-srebro-925","11":"first","12":"instock","13":"shipping-taxable","14":"purchasable","15":"product-type-simple"},"_links":{"self":[{"href":"https:\/\/moirai.si\/hr\/wp-json\/wp\/v2\/product\/25495","targetHints":{"allow":["GET"]}}],"collection":[{"href":"https:\/\/moirai.si\/hr\/wp-json\/wp\/v2\/product"}],"about":[{"href":"https:\/\/moirai.si\/hr\/wp-json\/wp\/v2\/types\/product"}],"wp:featuredmedia":[{"embeddable":true,"href":"https:\/\/moirai.si\/hr\/wp-json\/wp\/v2\/media\/25496"}],"wp:attachment":[{"href":"https:\/\/moirai.si\/hr\/wp-json\/wp\/v2\/media?parent=25495"}],"wp:term":[{"taxonomy":"product_brand","embeddable":true,"href":"https:\/\/moirai.si\/hr\/wp-json\/wp\/v2\/product_brand?post=25495"},{"taxonomy":"product_cat","embeddable":true,"href":"https:\/\/moirai.si\/hr\/wp-json\/wp\/v2\/product_cat?post=25495"},{"taxonomy":"product_tag","embeddable":true,"href":"https:\/\/moirai.si\/hr\/wp-json\/wp\/v2\/product_tag?post=25495"}],"curies":[{"name":"wp","href":"https:\/\/api.w.org\/{rel}","templated":true}]}}