{"id":25497,"date":"2024-12-08T21:48:27","date_gmt":"2024-12-08T21:48:27","guid":{"rendered":"https:\/\/moirai.si\/?post_type=product&#038;p=25497"},"modified":"2026-03-26T13:21:45","modified_gmt":"2026-03-26T13:21:45","slug":"amazonit-privjesak-s-lancem","status":"publish","type":"product","link":"https:\/\/moirai.si\/hr\/izdelek\/obesek-amazonit-z-verizico\/","title":{"rendered":"Amazonit privjesak s lan\u010di\u0107em"},"content":{"rendered":"<p>Prekrasan privjesak od amazonita i lan\u010di\u0107 od rodiniranog srebra 925. <\/p>\n<p>Vi\u0161e informacija: <a href=\"https:\/\/moirai.si\/hr\/amazonit\/\" target=\"_blank\" rel=\"noopener noreferrer\">Amazonit<\/a><\/p>\n<p>MATERIJAL: Amazonit, rodinirano srebro 925<br \/>\nTE\u017dINA: 14,7g<br \/>\nDIMENZIJA KAMENA: 2,4\u00d73,2 cm<br \/>\nDEBLJINA KAMENA: 0,8 cm<br \/>\n\u0160IRINA LANCA: 1,8 mm<br \/>\nDU\u017dINA LANCA: 44 cm<br \/>\nPETLJA ZA ZATVARANJE KOP\u010cOM: 3mm<br \/>\nKop\u010da: 9 mm<\/p>","protected":false},"excerpt":{"rendered":"<p>\u010cudovit obesek Amazonita in rodinirane srebrne 925 veri\u017eice. Ve\u010d informacij: Amazonit MATERIAL: Amazonit, rodinirano Srebro 925 TE\u017dA: 14,7g VELIKOST KAMNA: 2,4&#215;3,2 cm DEBELINA KAMNA: 0,8 cm \u0160IRINA VERI\u017dICE: 1.8 mm DOL\u017dINA VERI\u017dICE : 44 cm ZANKA ZA ZAPIRANJE ZAPONKE: 3mm ZAPONKA : 9mm<\/p>","protected":false},"featured_media":25498,"template":"","meta":[],"product_brand":[],"product_cat":[32,910,815],"product_tag":[228,637],"class_list":{"0":"post-25497","1":"product","2":"type-product","3":"status-publish","4":"has-post-thumbnail","6":"product_cat-amazonit","7":"product_cat-obeski-in-srebro","8":"product_cat-od-42-do-45cm","9":"product_tag-amazonit","10":"product_tag-rodinirano-srebro-925","12":"first","13":"instock","14":"featured","15":"shipping-taxable","16":"purchasable","17":"product-type-simple"},"_links":{"self":[{"href":"https:\/\/moirai.si\/hr\/wp-json\/wp\/v2\/product\/25497","targetHints":{"allow":["GET"]}}],"collection":[{"href":"https:\/\/moirai.si\/hr\/wp-json\/wp\/v2\/product"}],"about":[{"href":"https:\/\/moirai.si\/hr\/wp-json\/wp\/v2\/types\/product"}],"wp:featuredmedia":[{"embeddable":true,"href":"https:\/\/moirai.si\/hr\/wp-json\/wp\/v2\/media\/25498"}],"wp:attachment":[{"href":"https:\/\/moirai.si\/hr\/wp-json\/wp\/v2\/media?parent=25497"}],"wp:term":[{"taxonomy":"product_brand","embeddable":true,"href":"https:\/\/moirai.si\/hr\/wp-json\/wp\/v2\/product_brand?post=25497"},{"taxonomy":"product_cat","embeddable":true,"href":"https:\/\/moirai.si\/hr\/wp-json\/wp\/v2\/product_cat?post=25497"},{"taxonomy":"product_tag","embeddable":true,"href":"https:\/\/moirai.si\/hr\/wp-json\/wp\/v2\/product_tag?post=25497"}],"curies":[{"name":"wp","href":"https:\/\/api.w.org\/{rel}","templated":true}]}}