{"id":25499,"date":"2024-12-08T21:51:37","date_gmt":"2024-12-08T21:51:37","guid":{"rendered":"https:\/\/moirai.si\/?post_type=product&#038;p=25499"},"modified":"2025-10-23T17:16:39","modified_gmt":"2025-10-23T17:16:39","slug":"privjesak-od-malahita-s-lancicem","status":"publish","type":"product","link":"https:\/\/moirai.si\/hr\/izdelek\/obesek-malahit-z-verizico\/","title":{"rendered":"Privjesak Malahit s lan\u010di\u0107em"},"content":{"rendered":"<p>Prekrasan privjesak od malahita i lan\u010di\u0107 od rodiniranog srebra 925. <\/p>\n<p>MATERIJAL: malahit, rodinirano srebro 925<br \/>\nTE\u017dINA: 14,7g<br \/>\nDIMENZIJA KAMENA: 2,8\u00d74 cm<br \/>\nDEBLJINA KAMENA: 0,4 cm<br \/>\n\u0160IRINA LANCA: 1,8 mm<br \/>\nDU\u017dINA LANCA: 44 cm<br \/>\nPETLJA ZA ZATVARANJE KOP\u010cOM: 3mm<br \/>\nKop\u010da: 9 mm<\/p>","protected":false},"excerpt":{"rendered":"<p>\u010cudovit obesek Malahita in rodinirane srebrne 925 veri\u017eice. MATERIAL: Malahit, rodinirano Srebro 925 TE\u017dA: 14,7g VELIKOST KAMNA: 2,8&#215;4 cm DEBELINA KAMNA: 0,4 cm \u0160IRINA VERI\u017dICE: 1.8 mm DOL\u017dINA VERI\u017dICE : 44 cm ZANKA ZA ZAPIRANJE ZAPONKE: 3mm ZAPONKA : 9mm<\/p>","protected":false},"featured_media":25500,"template":"","meta":[],"product_brand":[],"product_cat":[60,910,815],"product_tag":[399,637],"class_list":{"0":"post-25499","1":"product","2":"type-product","3":"status-publish","4":"has-post-thumbnail","6":"product_cat-malahit","7":"product_cat-obeski-in-srebro","8":"product_cat-od-42-do-45cm","9":"product_tag-malahit","10":"product_tag-rodinirano-srebro-925","12":"first","13":"instock","14":"shipping-taxable","15":"purchasable","16":"product-type-simple"},"_links":{"self":[{"href":"https:\/\/moirai.si\/hr\/wp-json\/wp\/v2\/product\/25499","targetHints":{"allow":["GET"]}}],"collection":[{"href":"https:\/\/moirai.si\/hr\/wp-json\/wp\/v2\/product"}],"about":[{"href":"https:\/\/moirai.si\/hr\/wp-json\/wp\/v2\/types\/product"}],"wp:featuredmedia":[{"embeddable":true,"href":"https:\/\/moirai.si\/hr\/wp-json\/wp\/v2\/media\/25500"}],"wp:attachment":[{"href":"https:\/\/moirai.si\/hr\/wp-json\/wp\/v2\/media?parent=25499"}],"wp:term":[{"taxonomy":"product_brand","embeddable":true,"href":"https:\/\/moirai.si\/hr\/wp-json\/wp\/v2\/product_brand?post=25499"},{"taxonomy":"product_cat","embeddable":true,"href":"https:\/\/moirai.si\/hr\/wp-json\/wp\/v2\/product_cat?post=25499"},{"taxonomy":"product_tag","embeddable":true,"href":"https:\/\/moirai.si\/hr\/wp-json\/wp\/v2\/product_tag?post=25499"}],"curies":[{"name":"wp","href":"https:\/\/api.w.org\/{rel}","templated":true}]}}