{"id":25501,"date":"2024-12-08T21:58:21","date_gmt":"2024-12-08T21:58:21","guid":{"rendered":"https:\/\/moirai.si\/?post_type=product&#038;p=25501"},"modified":"2025-07-24T11:41:18","modified_gmt":"2025-07-24T11:41:18","slug":"privjesak-od-rodokrozita-s-lancicem","status":"publish","type":"product","link":"https:\/\/moirai.si\/hr\/izdelek\/obesek-rodokrozit-z-verizico\/","title":{"rendered":"Privjesak Rodokrozit s lan\u010di\u0107em"},"content":{"rendered":"<p>Prekrasan privjesak od rodokrozita i lan\u010di\u0107 od rodiniranog srebra 925. <\/p>\n<p>MATERIJAL: Rodokrozit, rodinirano srebro 925<br \/>\nTE\u017dINA: 11,6g<br \/>\nDIMENZIJA KAMENA: 2,2\u00d73,9 cm<br \/>\nDEBLJINA KAMENA: 0,2 cm<br \/>\n\u0160IRINA LANCA: 1,8 mm<br \/>\nDU\u017dINA LANCA: 56 cm<br \/>\nPETLJA ZA ZATVARANJE KOP\u010cOM: 3mm<br \/>\nKop\u010da: 9 mm<\/p>","protected":false},"excerpt":{"rendered":"<p>\u010cudovit obesek Rodokrozita in rodinirane srebrne 925 veri\u017eice. MATERIAL: Rodokrozit, rodinirano Srebro 925 TE\u017dA: 11,6g VELIKOST KAMNA: 2,2&#215;3,9 cm DEBELINA KAMNA: 0,2 cm \u0160IRINA VERI\u017dICE: 1.8 mm DOL\u017dINA VERI\u017dICE : 56 cm ZANKA ZA ZAPIRANJE ZAPONKE: 3mm ZAPONKA : 9mm<\/p>","protected":false},"featured_media":25502,"template":"","meta":[],"product_brand":[],"product_cat":[910,817,71],"product_tag":[637,397],"class_list":{"0":"post-25501","1":"product","2":"type-product","3":"status-publish","4":"has-post-thumbnail","6":"product_cat-obeski-in-srebro","7":"product_cat-od-50-do-60cm","8":"product_cat-rodokrozit","9":"product_tag-rodinirano-srebro-925","10":"product_tag-rodokrozit","12":"first","13":"instock","14":"shipping-taxable","15":"purchasable","16":"product-type-simple"},"_links":{"self":[{"href":"https:\/\/moirai.si\/hr\/wp-json\/wp\/v2\/product\/25501","targetHints":{"allow":["GET"]}}],"collection":[{"href":"https:\/\/moirai.si\/hr\/wp-json\/wp\/v2\/product"}],"about":[{"href":"https:\/\/moirai.si\/hr\/wp-json\/wp\/v2\/types\/product"}],"wp:featuredmedia":[{"embeddable":true,"href":"https:\/\/moirai.si\/hr\/wp-json\/wp\/v2\/media\/25502"}],"wp:attachment":[{"href":"https:\/\/moirai.si\/hr\/wp-json\/wp\/v2\/media?parent=25501"}],"wp:term":[{"taxonomy":"product_brand","embeddable":true,"href":"https:\/\/moirai.si\/hr\/wp-json\/wp\/v2\/product_brand?post=25501"},{"taxonomy":"product_cat","embeddable":true,"href":"https:\/\/moirai.si\/hr\/wp-json\/wp\/v2\/product_cat?post=25501"},{"taxonomy":"product_tag","embeddable":true,"href":"https:\/\/moirai.si\/hr\/wp-json\/wp\/v2\/product_tag?post=25501"}],"curies":[{"name":"wp","href":"https:\/\/api.w.org\/{rel}","templated":true}]}}