{"id":25514,"date":"2024-12-08T23:38:07","date_gmt":"2024-12-08T23:38:07","guid":{"rendered":"https:\/\/moirai.si\/?post_type=product&#038;p=25514"},"modified":"2025-05-30T10:06:24","modified_gmt":"2025-05-30T10:06:24","slug":"rodinirano-srebro-925-lancic-60-cm-2","status":"publish","type":"product","link":"https:\/\/moirai.si\/hr\/izdelek\/rodinirana-srebrna-925-verizica-60cm-2\/","title":{"rendered":"Lanac od rodiniranog srebra 925 60 cm"},"content":{"rendered":"<p>Lanac od rodiniranog srebra 925 (60 cm).<\/p>\n<p>MATERIJAL: Rodirano srebro fino\u0107e 925<br \/>\n\u0160IRINA: 1,6 mm<br \/>\nTE\u017dINA: 2,7 g<br \/>\nDU\u017dINA: 60 cm<br \/>\nPETLJA ZA ZATVARANJE KOP\u010cOM: 3mm<br \/>\nKop\u010da: 4 mm<\/p>","protected":false},"excerpt":{"rendered":"<p>Rodinirana srebrna 925 veri\u017eica (60cm). MATERIAL: Rodinirano srebro 925 \u0160IRINA: 1.6 mm TE\u017dA: 2.7 g DOL\u017dINA: 60 cm ZANKA ZA ZAPIRANJE ZAPONKE: 3mm ZAPONKA: 4mm<\/p>","protected":false},"featured_media":25511,"template":"","meta":[],"product_brand":[],"product_cat":[817,818,1136,911],"product_tag":[637],"class_list":{"0":"post-25514","1":"product","2":"type-product","3":"status-publish","4":"has-post-thumbnail","6":"product_cat-od-50-do-60cm","7":"product_cat-od-60-do-70cm","8":"product_cat-ogled-vseh","9":"product_cat-verizice-in-vrvice","10":"product_tag-rodinirano-srebro-925","12":"first","13":"outofstock","14":"shipping-taxable","15":"purchasable","16":"product-type-simple"},"_links":{"self":[{"href":"https:\/\/moirai.si\/hr\/wp-json\/wp\/v2\/product\/25514","targetHints":{"allow":["GET"]}}],"collection":[{"href":"https:\/\/moirai.si\/hr\/wp-json\/wp\/v2\/product"}],"about":[{"href":"https:\/\/moirai.si\/hr\/wp-json\/wp\/v2\/types\/product"}],"wp:featuredmedia":[{"embeddable":true,"href":"https:\/\/moirai.si\/hr\/wp-json\/wp\/v2\/media\/25511"}],"wp:attachment":[{"href":"https:\/\/moirai.si\/hr\/wp-json\/wp\/v2\/media?parent=25514"}],"wp:term":[{"taxonomy":"product_brand","embeddable":true,"href":"https:\/\/moirai.si\/hr\/wp-json\/wp\/v2\/product_brand?post=25514"},{"taxonomy":"product_cat","embeddable":true,"href":"https:\/\/moirai.si\/hr\/wp-json\/wp\/v2\/product_cat?post=25514"},{"taxonomy":"product_tag","embeddable":true,"href":"https:\/\/moirai.si\/hr\/wp-json\/wp\/v2\/product_tag?post=25514"}],"curies":[{"name":"wp","href":"https:\/\/api.w.org\/{rel}","templated":true}]}}