{"id":25519,"date":"2024-12-08T23:53:40","date_gmt":"2024-12-08T23:53:40","guid":{"rendered":"https:\/\/moirai.si\/?post_type=product&#038;p=25519"},"modified":"2026-03-30T15:05:32","modified_gmt":"2026-03-30T15:05:32","slug":"mali-turmalin-rubelit-3","status":"publish","type":"product","link":"https:\/\/moirai.si\/hr\/izdelek\/le-petit-turmalin-rubelit-3\/","title":{"rendered":"Le Petit Turmalin Rubelit"},"content":{"rendered":"<p>Nje\u017ena narukvica iz kolekcije Le Petit, koja je izra\u0111ena od rubelita. Narukvica je nanizana na mekanu, ali \u010dvrstu \u010deli\u010dnu \u017eicu i zavr\u0161ena elementima od rodiniranog srebra. <\/p>\n<p>MATERIJAL: ru\u017ei\u010dasti turmalin rubelit, rodinirano srebro 925<br \/>\nDULJINA: podesiva 16,5-19 cm<br \/>\nTE\u017dINA: 6,9 g<br \/>\nVELI\u010cINA KAMENA: 3-4 mm<br \/>\nKOP\u010cA: 9 mm<\/p>","protected":false},"excerpt":{"rendered":"<p>Ne\u017ena zapestnica kolekcije Le Petit, ki je narejena iz Rubelita. Zapestnica je nizana na mehko, vendar mo\u010dno jekleno \u017eico in zaklju\u010dena z rodiniranimi srebrnimi elementi. MATERIAL: roza Turmalin Rubelit, rodinirano Srebro 925 DOL\u017dINA: prilagodljiva 16,5-19 cm TE\u017dA: 6,9 g VELIKOST KAMNOV: 3-4 mm ZAPONKA: 9 mm<\/p>","protected":false},"featured_media":25520,"template":"","meta":[],"product_brand":[],"product_cat":[820,211,821,822,1137,85],"product_tag":[637,924],"class_list":{"0":"post-25519","1":"product","2":"type-product","3":"status-publish","4":"has-post-thumbnail","6":"product_cat-do-18cm","7":"product_cat-le-petit","8":"product_cat-od-18-do-19cm","9":"product_cat-od-19-do-20cm","10":"product_cat-ogled-vseh-zapestnice-2","11":"product_cat-turmalin","12":"product_tag-rodinirano-srebro-925","13":"product_tag-roza-turmalin-rubelit","15":"first","16":"outofstock","17":"shipping-taxable","18":"purchasable","19":"product-type-simple"},"_links":{"self":[{"href":"https:\/\/moirai.si\/hr\/wp-json\/wp\/v2\/product\/25519","targetHints":{"allow":["GET"]}}],"collection":[{"href":"https:\/\/moirai.si\/hr\/wp-json\/wp\/v2\/product"}],"about":[{"href":"https:\/\/moirai.si\/hr\/wp-json\/wp\/v2\/types\/product"}],"wp:featuredmedia":[{"embeddable":true,"href":"https:\/\/moirai.si\/hr\/wp-json\/wp\/v2\/media\/25520"}],"wp:attachment":[{"href":"https:\/\/moirai.si\/hr\/wp-json\/wp\/v2\/media?parent=25519"}],"wp:term":[{"taxonomy":"product_brand","embeddable":true,"href":"https:\/\/moirai.si\/hr\/wp-json\/wp\/v2\/product_brand?post=25519"},{"taxonomy":"product_cat","embeddable":true,"href":"https:\/\/moirai.si\/hr\/wp-json\/wp\/v2\/product_cat?post=25519"},{"taxonomy":"product_tag","embeddable":true,"href":"https:\/\/moirai.si\/hr\/wp-json\/wp\/v2\/product_tag?post=25519"}],"curies":[{"name":"wp","href":"https:\/\/api.w.org\/{rel}","templated":true}]}}