{"id":25521,"date":"2024-12-08T23:58:05","date_gmt":"2024-12-08T23:58:05","guid":{"rendered":"https:\/\/moirai.si\/?post_type=product&#038;p=25521"},"modified":"2025-01-13T14:22:11","modified_gmt":"2025-01-13T14:22:11","slug":"argo-larimar","status":"publish","type":"product","link":"https:\/\/moirai.si\/hr\/izdelek\/argo-larimar\/","title":{"rendered":"Argo Larimar"},"content":{"rendered":"<p>Elegantna narukvica iz kolekcije Argo koja je izra\u0111ena od Larimara i rodiniranih srebrnih elemenata 925. Narukvica je nanizana na meku ali \u010dvrstu \u010deli\u010dnu \u017eicu. <\/p>\n<p>MATERIJAL: Larimar, rodinirano srebro 925<br \/>\nDU\u017dINA: podesiva 17,5-20cm<br \/>\nTE\u017dINA: 15,2 g<br \/>\nVELI\u010cINA KAMENA: 7-8 mm<br \/>\nKOP\u010cA: 9 mm<\/p>","protected":false},"excerpt":{"rendered":"<p>Elegantna zapestnica kolekcije Argo, ki je narejena iz Larimarja ter rodiniranimi srebrnimi 925 elementi. Zapestnica je nizana na mehko, vendar mo\u010dno jekleno \u017eico. MATERIAL: Larimar, rodinirano Srebro 925 DOL\u017dINA: prilagodljiva 17,5-20cm TE\u017dA: 15,2 g VELIKOST KAMNOV: 7-8 mm ZAPONKA: 9 mm<\/p>","protected":false},"featured_media":25522,"template":"","meta":[],"product_brand":[],"product_cat":[191,820,57,821,822,823,1137],"product_tag":[562,637],"class_list":{"0":"post-25521","1":"product","2":"type-product","3":"status-publish","4":"has-post-thumbnail","6":"product_cat-argo","7":"product_cat-do-18cm","8":"product_cat-larimar","9":"product_cat-od-18-do-19cm","10":"product_cat-od-19-do-20cm","11":"product_cat-od-20cm","12":"product_cat-ogled-vseh-zapestnice-2","13":"product_tag-larimar","14":"product_tag-rodinirano-srebro-925","16":"first","17":"instock","18":"shipping-taxable","19":"purchasable","20":"product-type-simple"},"_links":{"self":[{"href":"https:\/\/moirai.si\/hr\/wp-json\/wp\/v2\/product\/25521","targetHints":{"allow":["GET"]}}],"collection":[{"href":"https:\/\/moirai.si\/hr\/wp-json\/wp\/v2\/product"}],"about":[{"href":"https:\/\/moirai.si\/hr\/wp-json\/wp\/v2\/types\/product"}],"wp:featuredmedia":[{"embeddable":true,"href":"https:\/\/moirai.si\/hr\/wp-json\/wp\/v2\/media\/25522"}],"wp:attachment":[{"href":"https:\/\/moirai.si\/hr\/wp-json\/wp\/v2\/media?parent=25521"}],"wp:term":[{"taxonomy":"product_brand","embeddable":true,"href":"https:\/\/moirai.si\/hr\/wp-json\/wp\/v2\/product_brand?post=25521"},{"taxonomy":"product_cat","embeddable":true,"href":"https:\/\/moirai.si\/hr\/wp-json\/wp\/v2\/product_cat?post=25521"},{"taxonomy":"product_tag","embeddable":true,"href":"https:\/\/moirai.si\/hr\/wp-json\/wp\/v2\/product_tag?post=25521"}],"curies":[{"name":"wp","href":"https:\/\/api.w.org\/{rel}","templated":true}]}}