{"id":2586,"date":"2015-10-19T19:54:34","date_gmt":"2015-10-19T19:54:34","guid":{"rendered":"http:\/\/moirai.si\/?post_type=product&#038;p=2586"},"modified":"2025-01-12T20:22:52","modified_gmt":"2025-01-12T20:22:52","slug":"klasicni-hematit-tigrovo-oko","status":"publish","type":"product","link":"https:\/\/moirai.si\/hr\/izdelek\/clasic-tigrovo-oko-hematit\/","title":{"rendered":"Clasic Tigrovo Oko Hematit"},"content":{"rendered":"<p>Nau\u0161nice Tigrovo Oko , Hematit i srebro 925.<\/p>\n<p>MATERIJAL: Tigrovo oko, hematit, srebro 925<br \/>\nDU\u017dINA: 3,4cm<br \/>\nTE\u017dINA: 5,9 g<br \/>\nVELI\u010cINA KAMENA: 2-12mm<\/p>","protected":false},"excerpt":{"rendered":"<p>Elegantni uhani kolekcije Clasic, ki so narejeni iz Tigrovega O\u010desa, Hematita in srebra 925. MATERIAL: Tigrovo Oko, Hematit, srebro 925 DOL\u017dINA: 3,4cm TE\u017dA: 5,9 g VELIKOST KAMNOV: 2-12mm<\/p>","protected":false},"featured_media":24076,"template":"","meta":[],"product_brand":[],"product_cat":[208,42,1138,81,27,1141],"product_tag":[202,221,199],"class_list":{"0":"post-2586","1":"product","2":"type-product","3":"status-publish","4":"has-post-thumbnail","6":"product_cat-clasic","7":"product_cat-hematit","8":"product_cat-ogled-vseh-uhani","9":"product_cat-tigrovo-oko","10":"product_cat-uhani","11":"product_cat-uhani-clasic","12":"product_tag-hematit","13":"product_tag-srebro925","14":"product_tag-tigrovo-oko","16":"first","17":"instock","18":"sold-individually","19":"purchasable","20":"product-type-simple"},"_links":{"self":[{"href":"https:\/\/moirai.si\/hr\/wp-json\/wp\/v2\/product\/2586","targetHints":{"allow":["GET"]}}],"collection":[{"href":"https:\/\/moirai.si\/hr\/wp-json\/wp\/v2\/product"}],"about":[{"href":"https:\/\/moirai.si\/hr\/wp-json\/wp\/v2\/types\/product"}],"wp:featuredmedia":[{"embeddable":true,"href":"https:\/\/moirai.si\/hr\/wp-json\/wp\/v2\/media\/24076"}],"wp:attachment":[{"href":"https:\/\/moirai.si\/hr\/wp-json\/wp\/v2\/media?parent=2586"}],"wp:term":[{"taxonomy":"product_brand","embeddable":true,"href":"https:\/\/moirai.si\/hr\/wp-json\/wp\/v2\/product_brand?post=2586"},{"taxonomy":"product_cat","embeddable":true,"href":"https:\/\/moirai.si\/hr\/wp-json\/wp\/v2\/product_cat?post=2586"},{"taxonomy":"product_tag","embeddable":true,"href":"https:\/\/moirai.si\/hr\/wp-json\/wp\/v2\/product_tag?post=2586"}],"curies":[{"name":"wp","href":"https:\/\/api.w.org\/{rel}","templated":true}]}}