{"id":26099,"date":"2025-07-07T12:23:02","date_gmt":"2025-07-07T12:23:02","guid":{"rendered":"https:\/\/moirai.si\/?post_type=product&#038;p=26099"},"modified":"2025-07-07T12:23:03","modified_gmt":"2025-07-07T12:23:03","slug":"makrame-oniks-5","status":"publish","type":"product","link":"https:\/\/moirai.si\/hr\/izdelek\/macrame-oniks-5\/","title":{"rendered":"Macrame Oniks"},"content":{"rendered":"<p>Narukvica Oniks. <\/p>\n<p>MATERIJAL: Oniks<br \/>\nDU\u017dINA: podesiva od 16-25cm<br \/>\nTE\u017dINA: 15,1 g<br \/>\nVELI\u010cINA KAMENA: 6-8 mm<\/p>","protected":false},"excerpt":{"rendered":"<p>Unisex zapestnica kolekcije Macrame, ki je narejena iz Oniksa. Zapestnica je prilagodljiva in enostavna za no\u0161enje. MATERIAL: Oniks DOL\u017dINA: prilagodljiva od 16-25cm TE\u017dA: 15,1 g VELIKOST KAMNOV: 6-8 mm<\/p>","protected":false},"featured_media":26100,"template":"","meta":[],"product_brand":[],"product_cat":[820,212,821,822,823,1137,62],"product_tag":[206],"class_list":{"0":"post-26099","1":"product","2":"type-product","3":"status-publish","4":"has-post-thumbnail","6":"product_cat-do-18cm","7":"product_cat-macrame-2","8":"product_cat-od-18-do-19cm","9":"product_cat-od-19-do-20cm","10":"product_cat-od-20cm","11":"product_cat-ogled-vseh-zapestnice-2","12":"product_cat-oniks","13":"product_tag-oniks","15":"first","16":"instock","17":"shipping-taxable","18":"purchasable","19":"product-type-simple"},"_links":{"self":[{"href":"https:\/\/moirai.si\/hr\/wp-json\/wp\/v2\/product\/26099","targetHints":{"allow":["GET"]}}],"collection":[{"href":"https:\/\/moirai.si\/hr\/wp-json\/wp\/v2\/product"}],"about":[{"href":"https:\/\/moirai.si\/hr\/wp-json\/wp\/v2\/types\/product"}],"wp:featuredmedia":[{"embeddable":true,"href":"https:\/\/moirai.si\/hr\/wp-json\/wp\/v2\/media\/26100"}],"wp:attachment":[{"href":"https:\/\/moirai.si\/hr\/wp-json\/wp\/v2\/media?parent=26099"}],"wp:term":[{"taxonomy":"product_brand","embeddable":true,"href":"https:\/\/moirai.si\/hr\/wp-json\/wp\/v2\/product_brand?post=26099"},{"taxonomy":"product_cat","embeddable":true,"href":"https:\/\/moirai.si\/hr\/wp-json\/wp\/v2\/product_cat?post=26099"},{"taxonomy":"product_tag","embeddable":true,"href":"https:\/\/moirai.si\/hr\/wp-json\/wp\/v2\/product_tag?post=26099"}],"curies":[{"name":"wp","href":"https:\/\/api.w.org\/{rel}","templated":true}]}}