{"id":26101,"date":"2025-07-07T12:36:06","date_gmt":"2025-07-07T12:36:06","guid":{"rendered":"https:\/\/moirai.si\/?post_type=product&#038;p=26101"},"modified":"2025-07-07T12:36:07","modified_gmt":"2025-07-07T12:36:07","slug":"makrame-tigrovo-oko-4","status":"publish","type":"product","link":"https:\/\/moirai.si\/hr\/izdelek\/macrame-tigrovo-oko-4\/","title":{"rendered":"Makrame Tigrovo oko"},"content":{"rendered":"<p>Unisex narukvica iz kolekcije Macrame, izra\u0111ena od tigrovog oka. Narukvica je podesiva i jednostavna za no\u0161enje. <\/p>\n<p>MATERIJAL: Tigrovo oko<br \/>\nDU\u017dINA: podesiva od 16-25cm<br \/>\nTE\u017dINA: 16,2 g<br \/>\nVELI\u010cINA KAMENA: 6-8 mm<\/p>","protected":false},"excerpt":{"rendered":"<p>Unisex zapestnica kolekcije Macrame, ki je narejena iz Tigrovega O\u010desa. Zapestnica je prilagodljiva in enostavna za no\u0161enje. MATERIAL: Tigrovo Oko DOL\u017dINA: prilagodljiva od 16-25cm TE\u017dA: 16,2 g VELIKOST KAMNOV: 6-8 mm<\/p>","protected":false},"featured_media":26102,"template":"","meta":[],"product_brand":[],"product_cat":[820,212,821,822,823,1137,81],"product_tag":[199],"class_list":{"0":"post-26101","1":"product","2":"type-product","3":"status-publish","4":"has-post-thumbnail","6":"product_cat-do-18cm","7":"product_cat-macrame-2","8":"product_cat-od-18-do-19cm","9":"product_cat-od-19-do-20cm","10":"product_cat-od-20cm","11":"product_cat-ogled-vseh-zapestnice-2","12":"product_cat-tigrovo-oko","13":"product_tag-tigrovo-oko","15":"first","16":"instock","17":"shipping-taxable","18":"purchasable","19":"product-type-simple"},"_links":{"self":[{"href":"https:\/\/moirai.si\/hr\/wp-json\/wp\/v2\/product\/26101","targetHints":{"allow":["GET"]}}],"collection":[{"href":"https:\/\/moirai.si\/hr\/wp-json\/wp\/v2\/product"}],"about":[{"href":"https:\/\/moirai.si\/hr\/wp-json\/wp\/v2\/types\/product"}],"wp:featuredmedia":[{"embeddable":true,"href":"https:\/\/moirai.si\/hr\/wp-json\/wp\/v2\/media\/26102"}],"wp:attachment":[{"href":"https:\/\/moirai.si\/hr\/wp-json\/wp\/v2\/media?parent=26101"}],"wp:term":[{"taxonomy":"product_brand","embeddable":true,"href":"https:\/\/moirai.si\/hr\/wp-json\/wp\/v2\/product_brand?post=26101"},{"taxonomy":"product_cat","embeddable":true,"href":"https:\/\/moirai.si\/hr\/wp-json\/wp\/v2\/product_cat?post=26101"},{"taxonomy":"product_tag","embeddable":true,"href":"https:\/\/moirai.si\/hr\/wp-json\/wp\/v2\/product_tag?post=26101"}],"curies":[{"name":"wp","href":"https:\/\/api.w.org\/{rel}","templated":true}]}}