{"id":26168,"date":"2025-07-23T12:56:31","date_gmt":"2025-07-23T12:56:31","guid":{"rendered":"https:\/\/moirai.si\/?post_type=product&#038;p=26168"},"modified":"2025-07-23T12:56:31","modified_gmt":"2025-07-23T12:56:31","slug":"vrlo-opsidijanski-snijeg-7","status":"publish","type":"product","link":"https:\/\/moirai.si\/hr\/izdelek\/versy-obsidijan-snezni-7\/","title":{"rendered":"Versy opsidijan snje\u017eni"},"content":{"rendered":"<p>Unikatan privjesak kolekcije Versy Opsidijan Snje\u017eni na crni ko\u017ei podesive duljine (povucite \u010dvor gore ili dolje). Ogrlica je unisex i pogodna je za djecu i odrasle.<\/p>\n<p>MATERIAL: Snje\u017eni Opsidijan, crna ko\u017ea<br \/>\nDU\u017dINA: podesiva (38-77 cm)<br \/>\nTE\u017dINA: 14,8g<br \/>\nVELI\u010cINA KAMENA: 1,6 \u00d7 2,8 cm<br \/>\nDEBLJINA KAMENA: 1,3 cm<\/p>","protected":false},"excerpt":{"rendered":"<p>Unikaten obesek kolekcije Versy iz Sne\u017enega Obsidijana na \u010drnem usnjenem traku s prilagodljivo dol\u017eino (poteg vozla gor oz. dol). Ogrlica je unisex in je primerna za otroke in odrasle. MATERIAL: Sne\u017eni Obsidijan, \u010drno usnje DOL\u017dINA: prilagodljiva (38-77 cm) TE\u017dA: 14,8g VELIKOST KAMNA: 1,6&#215;2,8 cm DEBELINA KAMNA: 1,3 cm<\/p>","protected":false},"featured_media":26169,"template":"","meta":[],"product_brand":[],"product_cat":[92,63,309],"product_tag":[648,226],"class_list":{"0":"post-26168","1":"product","2":"type-product","3":"status-publish","4":"has-post-thumbnail","6":"product_cat-obeski-in-usnje","7":"product_cat-obsidijan","8":"product_cat-versy","9":"product_tag-crno-usnje","10":"product_tag-snezni-obsidijan","12":"first","13":"instock","14":"shipping-taxable","15":"purchasable","16":"product-type-simple"},"_links":{"self":[{"href":"https:\/\/moirai.si\/hr\/wp-json\/wp\/v2\/product\/26168","targetHints":{"allow":["GET"]}}],"collection":[{"href":"https:\/\/moirai.si\/hr\/wp-json\/wp\/v2\/product"}],"about":[{"href":"https:\/\/moirai.si\/hr\/wp-json\/wp\/v2\/types\/product"}],"wp:featuredmedia":[{"embeddable":true,"href":"https:\/\/moirai.si\/hr\/wp-json\/wp\/v2\/media\/26169"}],"wp:attachment":[{"href":"https:\/\/moirai.si\/hr\/wp-json\/wp\/v2\/media?parent=26168"}],"wp:term":[{"taxonomy":"product_brand","embeddable":true,"href":"https:\/\/moirai.si\/hr\/wp-json\/wp\/v2\/product_brand?post=26168"},{"taxonomy":"product_cat","embeddable":true,"href":"https:\/\/moirai.si\/hr\/wp-json\/wp\/v2\/product_cat?post=26168"},{"taxonomy":"product_tag","embeddable":true,"href":"https:\/\/moirai.si\/hr\/wp-json\/wp\/v2\/product_tag?post=26168"}],"curies":[{"name":"wp","href":"https:\/\/api.w.org\/{rel}","templated":true}]}}