{"id":26180,"date":"2025-07-23T13:17:16","date_gmt":"2025-07-23T13:17:16","guid":{"rendered":"https:\/\/moirai.si\/?post_type=product&#038;p=26180"},"modified":"2025-07-23T13:17:16","modified_gmt":"2025-07-23T13:17:16","slug":"versy-obsidijan-mavricni","status":"publish","type":"product","link":"https:\/\/moirai.si\/hr\/izdelek\/versy-obsidijan-mavricni\/","title":{"rendered":"Versy Opsidijan Duga"},"content":{"rendered":"<p>Unikatan privjesak kolekcije Versy Opsidijan Duga na crni ko\u017ei podesive duljine (povucite \u010dvor gore ili dolje). Ogrlica je unisex i pogodna je za djecu i odrasle.<\/p>\n<p>MATERIAL: Duga Opsidijan, crna ko\u017ea<br \/>\nDU\u017dINA: podesiva (38-77 cm)<br \/>\nTE\u017dA: 10,5g<br \/>\nDIMENZIJA KAMENA: 1,3\u00d72,5 cm<br \/>\nDEBLJINA KAMENA: 1 cm<\/p>","protected":false},"excerpt":{"rendered":"<p>Unikaten obesek kolekcije Versy iz Mavri\u010dnega Obsidijana na \u010drnem usnjenem traku s prilagodljivo dol\u017eino (poteg vozla gor oz. dol). Ogrlica je unisex in je primerna za otroke in odrasle. MATERIAL: Mavri\u010dni Obsidijan, \u010drno usnje DOL\u017dINA: prilagodljiva (38-77 cm) TE\u017dA: 10,5g VELIKOST KAMNA: 1,3&#215;2,5 cm DEBELINA KAMNA: 1 cm<\/p>","protected":false},"featured_media":26181,"template":"","meta":[],"product_brand":[],"product_cat":[92,63,309],"product_tag":[648,832],"class_list":{"0":"post-26180","1":"product","2":"type-product","3":"status-publish","4":"has-post-thumbnail","6":"product_cat-obeski-in-usnje","7":"product_cat-obsidijan","8":"product_cat-versy","9":"product_tag-crno-usnje","10":"product_tag-mavricni-obsidijan","12":"first","13":"instock","14":"shipping-taxable","15":"purchasable","16":"product-type-simple"},"_links":{"self":[{"href":"https:\/\/moirai.si\/hr\/wp-json\/wp\/v2\/product\/26180","targetHints":{"allow":["GET"]}}],"collection":[{"href":"https:\/\/moirai.si\/hr\/wp-json\/wp\/v2\/product"}],"about":[{"href":"https:\/\/moirai.si\/hr\/wp-json\/wp\/v2\/types\/product"}],"wp:featuredmedia":[{"embeddable":true,"href":"https:\/\/moirai.si\/hr\/wp-json\/wp\/v2\/media\/26181"}],"wp:attachment":[{"href":"https:\/\/moirai.si\/hr\/wp-json\/wp\/v2\/media?parent=26180"}],"wp:term":[{"taxonomy":"product_brand","embeddable":true,"href":"https:\/\/moirai.si\/hr\/wp-json\/wp\/v2\/product_brand?post=26180"},{"taxonomy":"product_cat","embeddable":true,"href":"https:\/\/moirai.si\/hr\/wp-json\/wp\/v2\/product_cat?post=26180"},{"taxonomy":"product_tag","embeddable":true,"href":"https:\/\/moirai.si\/hr\/wp-json\/wp\/v2\/product_tag?post=26180"}],"curies":[{"name":"wp","href":"https:\/\/api.w.org\/{rel}","templated":true}]}}