{"id":26192,"date":"2025-08-13T11:11:27","date_gmt":"2025-08-13T11:11:27","guid":{"rendered":"https:\/\/moirai.si\/?post_type=product&#038;p=26192"},"modified":"2025-10-14T12:55:45","modified_gmt":"2025-10-14T12:55:45","slug":"vrlo-andeoski-6","status":"publish","type":"product","link":"https:\/\/moirai.si\/hr\/izdelek\/versy-angelit-6\/","title":{"rendered":"Versy Angelit"},"content":{"rendered":"<p>Unikatni privjesak iz kolekcije Versy iz Angelita na crni ko\u017ei podesive duljine (povucite \u010dvor prema gore ili dolje). Ogrlica je unisex i pogodna je za djecu i odrasle.<\/p>\n<p>MATERIAL: Angelit, crna ko\u017ea<br \/>\nDU\u017dINA: podesiva (38-77 cm)<br \/>\nTE\u017dINA: 19,2 g<br \/>\nVELI\u010cINA KAMENA: 1,9 \u00d7 2,5 cm<br \/>\nDEBLJINA KAMENA: 1,6 cm<\/p>","protected":false},"excerpt":{"rendered":"<p>Unikaten obesek kolekcije Versy iz Angelita na \u010drnem usnjenem traku s prilagodljivo dol\u017eino (poteg vozla gor oz. dol). Ogrlica je unisex in je primerna za otroke in odrasle. MATERIAL: Angelit, \u010drno usnje DOL\u017dINA: prilagodljiva (38-77 cm) TE\u017dA: 19,2g VELIKOST KAMNA: 1,9&#215;2,5 cm DEBELINA KAMNA: 1,6 cm<\/p>","protected":false},"featured_media":26193,"template":"","meta":[],"product_brand":[],"product_cat":[846,92,309],"product_tag":[826,648],"class_list":{"0":"post-26192","1":"product","2":"type-product","3":"status-publish","4":"has-post-thumbnail","6":"product_cat-angelit","7":"product_cat-obeski-in-usnje","8":"product_cat-versy","9":"product_tag-angelit","10":"product_tag-crno-usnje","12":"first","13":"instock","14":"shipping-taxable","15":"purchasable","16":"product-type-simple"},"_links":{"self":[{"href":"https:\/\/moirai.si\/hr\/wp-json\/wp\/v2\/product\/26192","targetHints":{"allow":["GET"]}}],"collection":[{"href":"https:\/\/moirai.si\/hr\/wp-json\/wp\/v2\/product"}],"about":[{"href":"https:\/\/moirai.si\/hr\/wp-json\/wp\/v2\/types\/product"}],"wp:featuredmedia":[{"embeddable":true,"href":"https:\/\/moirai.si\/hr\/wp-json\/wp\/v2\/media\/26193"}],"wp:attachment":[{"href":"https:\/\/moirai.si\/hr\/wp-json\/wp\/v2\/media?parent=26192"}],"wp:term":[{"taxonomy":"product_brand","embeddable":true,"href":"https:\/\/moirai.si\/hr\/wp-json\/wp\/v2\/product_brand?post=26192"},{"taxonomy":"product_cat","embeddable":true,"href":"https:\/\/moirai.si\/hr\/wp-json\/wp\/v2\/product_cat?post=26192"},{"taxonomy":"product_tag","embeddable":true,"href":"https:\/\/moirai.si\/hr\/wp-json\/wp\/v2\/product_tag?post=26192"}],"curies":[{"name":"wp","href":"https:\/\/api.w.org\/{rel}","templated":true}]}}