{"id":26203,"date":"2025-08-14T10:17:28","date_gmt":"2025-08-14T10:17:28","guid":{"rendered":"https:\/\/moirai.si\/?post_type=product&#038;p=26203"},"modified":"2025-08-14T10:17:28","modified_gmt":"2025-08-14T10:17:28","slug":"malahitni-stih-6","status":"publish","type":"product","link":"https:\/\/moirai.si\/hr\/izdelek\/versy-malahit-6\/","title":{"rendered":"Versy Malahit"},"content":{"rendered":"<p>Unikatan privjesak iz kolekcije Versy iz Malahita na crni ko\u017ei podesive du\u017eine (povucite \u010dvor gore ili dolje). Ogrlica je unisex i pogodna je za djecu i odrasle.<\/p>\n<p>MATERIAL: Malahit, crna ko\u017ea<br \/>\nDU\u017dINA: podesiva (38-77 cm)<br \/>\nTE\u017dINA: 19,6 g<br \/>\nVELI\u010cINA KAMENA: 1,7 \u00d7 2,8 cm<br \/>\nDEBLJINA KAMENA: 1,3 cm<\/p>","protected":false},"excerpt":{"rendered":"<p>Unikaten obesek kolekcije Versy iz Malahita na \u010drnem usnjenem traku s prilagodljivo dol\u017eino (poteg vozla gor oz. dol). Ogrlica je unisex in je primerna za otroke in odrasle. MATERIAL: Malahit, \u010drno usnje DOL\u017dINA: prilagodljiva (38-77 cm) TE\u017dA: 19,6g VELIKOST KAMNA: 1,7&#215;2,8 cm DEBELINA KAMNA: 1,3 cm<\/p>","protected":false},"featured_media":26204,"template":"","meta":[],"product_brand":[],"product_cat":[60,92,309],"product_tag":[648,399],"class_list":{"0":"post-26203","1":"product","2":"type-product","3":"status-publish","4":"has-post-thumbnail","6":"product_cat-malahit","7":"product_cat-obeski-in-usnje","8":"product_cat-versy","9":"product_tag-crno-usnje","10":"product_tag-malahit","12":"first","13":"instock","14":"shipping-taxable","15":"purchasable","16":"product-type-simple"},"_links":{"self":[{"href":"https:\/\/moirai.si\/hr\/wp-json\/wp\/v2\/product\/26203","targetHints":{"allow":["GET"]}}],"collection":[{"href":"https:\/\/moirai.si\/hr\/wp-json\/wp\/v2\/product"}],"about":[{"href":"https:\/\/moirai.si\/hr\/wp-json\/wp\/v2\/types\/product"}],"wp:featuredmedia":[{"embeddable":true,"href":"https:\/\/moirai.si\/hr\/wp-json\/wp\/v2\/media\/26204"}],"wp:attachment":[{"href":"https:\/\/moirai.si\/hr\/wp-json\/wp\/v2\/media?parent=26203"}],"wp:term":[{"taxonomy":"product_brand","embeddable":true,"href":"https:\/\/moirai.si\/hr\/wp-json\/wp\/v2\/product_brand?post=26203"},{"taxonomy":"product_cat","embeddable":true,"href":"https:\/\/moirai.si\/hr\/wp-json\/wp\/v2\/product_cat?post=26203"},{"taxonomy":"product_tag","embeddable":true,"href":"https:\/\/moirai.si\/hr\/wp-json\/wp\/v2\/product_tag?post=26203"}],"curies":[{"name":"wp","href":"https:\/\/api.w.org\/{rel}","templated":true}]}}