{"id":26215,"date":"2025-08-14T11:32:43","date_gmt":"2025-08-14T11:32:43","guid":{"rendered":"https:\/\/moirai.si\/?post_type=product&#038;p=26215"},"modified":"2025-08-14T11:32:44","modified_gmt":"2025-08-14T11:32:44","slug":"versy-rubin-zoisit-5","status":"publish","type":"product","link":"https:\/\/moirai.si\/hr\/izdelek\/versy-rubin-zoisit-5\/","title":{"rendered":"Versy Rubin Zoisit"},"content":{"rendered":"<p>Unikatan privjesak iz kolekcije Versy iz Rubin Zoisita na crni ko\u017ei podesive du\u017eine (povucite \u010dvor gore ili dolje). Ogrlica je unisex i pogodna je za djecu i odrasle.<\/p>\n<p>MATERIAL: Rubin Zoisit, crna ko\u017ea<br \/>\nDU\u017dINA: podesiva (38-77 cm)<br \/>\nTE\u017dINA: 12,2 g<br \/>\nVELI\u010cINA KAMENA: 1,8\u00d72,6 cm<br \/>\nDEBLJINA KAMENA: 0,6 cm<\/p>","protected":false},"excerpt":{"rendered":"<p>Unikaten obesek kolekcije Versy iz Rubin Zoisita na \u010drnem usnjenem traku s prilagodljivo dol\u017eino (poteg vozla gor oz. dol). Ogrlica je unisex in je primerna za otroke in odrasle. MATERIAL: Rubin Zoisit, \u010drno usnje DOL\u017dINA: prilagodljiva (38-77 cm) TE\u017dA: 12,2 g VELIKOST KAMNA: 1,8&#215;2,6 cm DEBELINA KAMNA: 0,6 cm<\/p>","protected":false},"featured_media":26216,"template":"","meta":[],"product_brand":[],"product_cat":[92,73,309,849],"product_tag":[648,844],"class_list":{"0":"post-26215","1":"product","2":"type-product","3":"status-publish","4":"has-post-thumbnail","6":"product_cat-obeski-in-usnje","7":"product_cat-rubin","8":"product_cat-versy","9":"product_cat-zoisit","10":"product_tag-crno-usnje","11":"product_tag-rubin-zoisit","13":"first","14":"instock","15":"shipping-taxable","16":"purchasable","17":"product-type-simple"},"_links":{"self":[{"href":"https:\/\/moirai.si\/hr\/wp-json\/wp\/v2\/product\/26215","targetHints":{"allow":["GET"]}}],"collection":[{"href":"https:\/\/moirai.si\/hr\/wp-json\/wp\/v2\/product"}],"about":[{"href":"https:\/\/moirai.si\/hr\/wp-json\/wp\/v2\/types\/product"}],"wp:featuredmedia":[{"embeddable":true,"href":"https:\/\/moirai.si\/hr\/wp-json\/wp\/v2\/media\/26216"}],"wp:attachment":[{"href":"https:\/\/moirai.si\/hr\/wp-json\/wp\/v2\/media?parent=26215"}],"wp:term":[{"taxonomy":"product_brand","embeddable":true,"href":"https:\/\/moirai.si\/hr\/wp-json\/wp\/v2\/product_brand?post=26215"},{"taxonomy":"product_cat","embeddable":true,"href":"https:\/\/moirai.si\/hr\/wp-json\/wp\/v2\/product_cat?post=26215"},{"taxonomy":"product_tag","embeddable":true,"href":"https:\/\/moirai.si\/hr\/wp-json\/wp\/v2\/product_tag?post=26215"}],"curies":[{"name":"wp","href":"https:\/\/api.w.org\/{rel}","templated":true}]}}