{"id":26221,"date":"2025-08-14T11:56:50","date_gmt":"2025-08-14T11:56:50","guid":{"rendered":"https:\/\/moirai.si\/?post_type=product&#038;p=26221"},"modified":"2025-08-14T11:56:51","modified_gmt":"2025-08-14T11:56:51","slug":"vrlo-granatno-crvena-3","status":"publish","type":"product","link":"https:\/\/moirai.si\/hr\/izdelek\/versy-granat-rdeci-3\/","title":{"rendered":"Versy Crveni Granat"},"content":{"rendered":"<p>Unikatan privjesak iz kolekcije Versy iz crvenog Granata na crni ko\u017ei podesive du\u017eine (povucite \u010dvor gore ili dolje). Ogrlica je unisex i pogodna je za djecu i odrasle.<\/p>\n<p>MATERIAL: crveni Granat, crna ko\u017ea<br \/>\nDU\u017dINA: podesiva (38-77 cm)<br \/>\nTE\u017dINA: 21,7 g<br \/>\nVELI\u010cINA KAMENA: 2,3\u00d72,3 cm<br \/>\nDEBLJINA KAMENA: 1,3 cm<\/p>","protected":false},"excerpt":{"rendered":"<p>Unikaten obesek kolekcije Versy iz rde\u010dega Granata na \u010drnem usnjenem traku s prilagodljivo dol\u017eino (poteg vozla gor oz. dol). Ogrlica je unisex in je primerna za otroke in odrasle. MATERIAL: rde\u010di Granat, \u010drno usnje DOL\u017dINA: prilagodljiva (38-77 cm) TE\u017dA: 21,7 g VELIKOST KAMNA: 2,3&#215;2,3 cm DEBELINA KAMNA: 1,3 cm<\/p>","protected":false},"featured_media":26222,"template":"","meta":[],"product_brand":[],"product_cat":[41,92,309],"product_tag":[648,869],"class_list":{"0":"post-26221","1":"product","2":"type-product","3":"status-publish","4":"has-post-thumbnail","6":"product_cat-granat","7":"product_cat-obeski-in-usnje","8":"product_cat-versy","9":"product_tag-crno-usnje","10":"product_tag-rdeci-granat","12":"first","13":"instock","14":"shipping-taxable","15":"purchasable","16":"product-type-simple"},"_links":{"self":[{"href":"https:\/\/moirai.si\/hr\/wp-json\/wp\/v2\/product\/26221","targetHints":{"allow":["GET"]}}],"collection":[{"href":"https:\/\/moirai.si\/hr\/wp-json\/wp\/v2\/product"}],"about":[{"href":"https:\/\/moirai.si\/hr\/wp-json\/wp\/v2\/types\/product"}],"wp:featuredmedia":[{"embeddable":true,"href":"https:\/\/moirai.si\/hr\/wp-json\/wp\/v2\/media\/26222"}],"wp:attachment":[{"href":"https:\/\/moirai.si\/hr\/wp-json\/wp\/v2\/media?parent=26221"}],"wp:term":[{"taxonomy":"product_brand","embeddable":true,"href":"https:\/\/moirai.si\/hr\/wp-json\/wp\/v2\/product_brand?post=26221"},{"taxonomy":"product_cat","embeddable":true,"href":"https:\/\/moirai.si\/hr\/wp-json\/wp\/v2\/product_cat?post=26221"},{"taxonomy":"product_tag","embeddable":true,"href":"https:\/\/moirai.si\/hr\/wp-json\/wp\/v2\/product_tag?post=26221"}],"curies":[{"name":"wp","href":"https:\/\/api.w.org\/{rel}","templated":true}]}}