{"id":26275,"date":"2025-10-13T10:35:18","date_gmt":"2025-10-13T10:35:18","guid":{"rendered":"https:\/\/moirai.si\/?post_type=product&#038;p=26275"},"modified":"2025-10-23T10:34:32","modified_gmt":"2025-10-23T10:34:32","slug":"macrame-ametist","status":"publish","type":"product","link":"https:\/\/moirai.si\/hr\/izdelek\/macrame-ametist\/","title":{"rendered":"Macrame Ametist"},"content":{"rendered":"<p>Unisex narukvica iz Macrame kolekcije izra\u0111ena od Ametista. Narukvica je podesiva i laka za no\u0161enje. <\/p>\n<p>MATERIAL:  Ametist<br \/>\nDU\u017dINA: podesiva od 16-25cm<br \/>\nTE\u017dINA: 15,8 g<br \/>\nVELI\u010cINA KAMENA: 4-8 mm<\/p>","protected":false},"excerpt":{"rendered":"<p>Unisex zapestnica kolekcije Macrame, ki je narejena iz Ametista. Zapestnica je prilagodljiva in enostavna za no\u0161enje. MATERIAL: Ametist DOL\u017dINA: prilagodljiva od 16-25cm TE\u017dA: 15,8 g VELIKOST KAMNOV: 4-8 mm<\/p>","protected":false},"featured_media":26276,"template":"","meta":[],"product_brand":[],"product_cat":[33,820,848,212,821,822,823,1137],"product_tag":[195],"class_list":{"0":"post-26275","1":"product","2":"type-product","3":"status-publish","4":"has-post-thumbnail","6":"product_cat-ametist","7":"product_cat-do-18cm","8":"product_cat-kvarc","9":"product_cat-macrame-2","10":"product_cat-od-18-do-19cm","11":"product_cat-od-19-do-20cm","12":"product_cat-od-20cm","13":"product_cat-ogled-vseh-zapestnice-2","14":"product_tag-ametist","16":"first","17":"instock","18":"shipping-taxable","19":"purchasable","20":"product-type-simple"},"_links":{"self":[{"href":"https:\/\/moirai.si\/hr\/wp-json\/wp\/v2\/product\/26275","targetHints":{"allow":["GET"]}}],"collection":[{"href":"https:\/\/moirai.si\/hr\/wp-json\/wp\/v2\/product"}],"about":[{"href":"https:\/\/moirai.si\/hr\/wp-json\/wp\/v2\/types\/product"}],"wp:featuredmedia":[{"embeddable":true,"href":"https:\/\/moirai.si\/hr\/wp-json\/wp\/v2\/media\/26276"}],"wp:attachment":[{"href":"https:\/\/moirai.si\/hr\/wp-json\/wp\/v2\/media?parent=26275"}],"wp:term":[{"taxonomy":"product_brand","embeddable":true,"href":"https:\/\/moirai.si\/hr\/wp-json\/wp\/v2\/product_brand?post=26275"},{"taxonomy":"product_cat","embeddable":true,"href":"https:\/\/moirai.si\/hr\/wp-json\/wp\/v2\/product_cat?post=26275"},{"taxonomy":"product_tag","embeddable":true,"href":"https:\/\/moirai.si\/hr\/wp-json\/wp\/v2\/product_tag?post=26275"}],"curies":[{"name":"wp","href":"https:\/\/api.w.org\/{rel}","templated":true}]}}