{"id":26277,"date":"2025-10-13T10:38:12","date_gmt":"2025-10-13T10:38:12","guid":{"rendered":"https:\/\/moirai.si\/?post_type=product&#038;p=26277"},"modified":"2026-01-12T10:40:17","modified_gmt":"2026-01-12T10:40:17","slug":"makrame-ahat-od-mahovine","status":"publish","type":"product","link":"https:\/\/moirai.si\/hr\/izdelek\/macrame-mahovni-ahat\/","title":{"rendered":"Macrame Mahovina Ahat"},"content":{"rendered":"<p>Unisex zapestnica kolekcije Macrame, ki je narejena iz Mahovnega Ahata. Zapestnica je prilagodljiva in enostavna za no\u0161enje. <\/p>\n<p>MATERIAL:  Mahovni Ahat<br \/>\nDU\u017dINA: podesiva od 16-25cm<br \/>\nTE\u017dINA: 17 g<br \/>\nVELI\u010cINA KAMENA: 6-8 mm<\/p>","protected":false},"excerpt":{"rendered":"<p>Unisex zapestnica kolekcije Macrame, ki je narejena iz Mahovnega Ahata. Zapestnica je prilagodljiva in enostavna za no\u0161enje. MATERIAL: Mahovni Ahat DOL\u017dINA: prilagodljiva od 16-25cm TE\u017dA: 17 g VELIKOST KAMNOV: 6-8 mm<\/p>","protected":false},"featured_media":26278,"template":"","meta":[],"product_brand":[],"product_cat":[30,820,212,821,822,823,1137],"product_tag":[775],"class_list":{"0":"post-26277","1":"product","2":"type-product","3":"status-publish","4":"has-post-thumbnail","6":"product_cat-ahat","7":"product_cat-do-18cm","8":"product_cat-macrame-2","9":"product_cat-od-18-do-19cm","10":"product_cat-od-19-do-20cm","11":"product_cat-od-20cm","12":"product_cat-ogled-vseh-zapestnice-2","13":"product_tag-mahovni-ahat","15":"first","16":"instock","17":"shipping-taxable","18":"purchasable","19":"product-type-simple"},"_links":{"self":[{"href":"https:\/\/moirai.si\/hr\/wp-json\/wp\/v2\/product\/26277","targetHints":{"allow":["GET"]}}],"collection":[{"href":"https:\/\/moirai.si\/hr\/wp-json\/wp\/v2\/product"}],"about":[{"href":"https:\/\/moirai.si\/hr\/wp-json\/wp\/v2\/types\/product"}],"wp:featuredmedia":[{"embeddable":true,"href":"https:\/\/moirai.si\/hr\/wp-json\/wp\/v2\/media\/26278"}],"wp:attachment":[{"href":"https:\/\/moirai.si\/hr\/wp-json\/wp\/v2\/media?parent=26277"}],"wp:term":[{"taxonomy":"product_brand","embeddable":true,"href":"https:\/\/moirai.si\/hr\/wp-json\/wp\/v2\/product_brand?post=26277"},{"taxonomy":"product_cat","embeddable":true,"href":"https:\/\/moirai.si\/hr\/wp-json\/wp\/v2\/product_cat?post=26277"},{"taxonomy":"product_tag","embeddable":true,"href":"https:\/\/moirai.si\/hr\/wp-json\/wp\/v2\/product_tag?post=26277"}],"curies":[{"name":"wp","href":"https:\/\/api.w.org\/{rel}","templated":true}]}}