{"id":26283,"date":"2025-10-13T10:55:06","date_gmt":"2025-10-13T10:55:06","guid":{"rendered":"https:\/\/moirai.si\/?post_type=product&#038;p=26283"},"modified":"2026-04-19T20:24:54","modified_gmt":"2026-04-19T20:24:54","slug":"macrame-turmalin-kvarc-3","status":"publish","type":"product","link":"https:\/\/moirai.si\/hr\/izdelek\/macrame-turmalin-kvarc-3\/","title":{"rendered":"Makrame turmalinski kvarc"},"content":{"rendered":"<p>Unisex zapestnica kolekcije Macrame, ki je narejena iz Turmalin Kvarca. Zapestnica je prilagodljiva in enostavna za no\u0161enje. <\/p>\n<p>MATERIAL:  Turmalin Kvarc<br \/>\nDU\u017dINA: podesiva od 16-25cm<br \/>\nTE\u017dINA: 15,6 g<br \/>\nVELI\u010cINA KAMENA: 6-8 mm<\/p>","protected":false},"excerpt":{"rendered":"<p>Unisex zapestnica kolekcije Macrame, ki je narejena iz Turmalin Kvarca. Zapestnica je prilagodljiva in enostavna za no\u0161enje. MATERIAL: Turmalin Kvarc DOL\u017dINA: prilagodljiva od 16-25cm TE\u017dA: 15,6 g VELIKOST KAMNOV: 6-8 mm<\/p>","protected":false},"featured_media":26284,"template":"","meta":[],"product_brand":[],"product_cat":[820,68,848,212,821,822,823,1137,85],"product_tag":[1015],"class_list":{"0":"post-26283","1":"product","2":"type-product","3":"status-publish","4":"has-post-thumbnail","6":"product_cat-do-18cm","7":"product_cat-kamena-strela","8":"product_cat-kvarc","9":"product_cat-macrame-2","10":"product_cat-od-18-do-19cm","11":"product_cat-od-19-do-20cm","12":"product_cat-od-20cm","13":"product_cat-ogled-vseh-zapestnice-2","14":"product_cat-turmalin","15":"product_tag-turmalin-kvarc","17":"first","18":"instock","19":"featured","20":"shipping-taxable","21":"purchasable","22":"product-type-simple"},"_links":{"self":[{"href":"https:\/\/moirai.si\/hr\/wp-json\/wp\/v2\/product\/26283","targetHints":{"allow":["GET"]}}],"collection":[{"href":"https:\/\/moirai.si\/hr\/wp-json\/wp\/v2\/product"}],"about":[{"href":"https:\/\/moirai.si\/hr\/wp-json\/wp\/v2\/types\/product"}],"wp:featuredmedia":[{"embeddable":true,"href":"https:\/\/moirai.si\/hr\/wp-json\/wp\/v2\/media\/26284"}],"wp:attachment":[{"href":"https:\/\/moirai.si\/hr\/wp-json\/wp\/v2\/media?parent=26283"}],"wp:term":[{"taxonomy":"product_brand","embeddable":true,"href":"https:\/\/moirai.si\/hr\/wp-json\/wp\/v2\/product_brand?post=26283"},{"taxonomy":"product_cat","embeddable":true,"href":"https:\/\/moirai.si\/hr\/wp-json\/wp\/v2\/product_cat?post=26283"},{"taxonomy":"product_tag","embeddable":true,"href":"https:\/\/moirai.si\/hr\/wp-json\/wp\/v2\/product_tag?post=26283"}],"curies":[{"name":"wp","href":"https:\/\/api.w.org\/{rel}","templated":true}]}}