{"id":26295,"date":"2025-10-13T12:10:58","date_gmt":"2025-10-13T12:10:58","guid":{"rendered":"https:\/\/moirai.si\/?post_type=product&#038;p=26295"},"modified":"2025-10-13T12:10:58","modified_gmt":"2025-10-13T12:10:58","slug":"macrame-obsidijan-mavricni-3","status":"publish","type":"product","link":"https:\/\/moirai.si\/hr\/izdelek\/macrame-obsidijan-mavricni-3\/","title":{"rendered":"Macrame Opsidijan Duga"},"content":{"rendered":"<p>Unisex zapestnica kolekcije Macrame, ki je narejena iz Mavri\u010dnega Obsidijana. Zapestnica je prilagodljiva in enostavna za no\u0161enje. <\/p>\n<p>MATERIAL:  Mavri\u010dni Obsidijan<br \/>\nDU\u017dINA: podesiva od 16-25cm<br \/>\nTE\u017dINA: 14,1 g<br \/>\nVELI\u010cINA KAMENA: 6-8 mm<\/p>","protected":false},"excerpt":{"rendered":"<p>Unisex zapestnica kolekcije Macrame, ki je narejena iz Mavri\u010dnega Obsidijana. Zapestnica je prilagodljiva in enostavna za no\u0161enje. MATERIAL: Mavri\u010dni Obsidijan DOL\u017dINA: prilagodljiva od 16-25cm TE\u017dA: 14.1 g VELIKOST KAMNOV: 6-8 mm<\/p>","protected":false},"featured_media":26296,"template":"","meta":[],"product_brand":[],"product_cat":[820,212,63,821,822,823,1137],"product_tag":[832],"class_list":{"0":"post-26295","1":"product","2":"type-product","3":"status-publish","4":"has-post-thumbnail","6":"product_cat-do-18cm","7":"product_cat-macrame-2","8":"product_cat-obsidijan","9":"product_cat-od-18-do-19cm","10":"product_cat-od-19-do-20cm","11":"product_cat-od-20cm","12":"product_cat-ogled-vseh-zapestnice-2","13":"product_tag-mavricni-obsidijan","15":"first","16":"instock","17":"shipping-taxable","18":"purchasable","19":"product-type-simple"},"_links":{"self":[{"href":"https:\/\/moirai.si\/hr\/wp-json\/wp\/v2\/product\/26295","targetHints":{"allow":["GET"]}}],"collection":[{"href":"https:\/\/moirai.si\/hr\/wp-json\/wp\/v2\/product"}],"about":[{"href":"https:\/\/moirai.si\/hr\/wp-json\/wp\/v2\/types\/product"}],"wp:featuredmedia":[{"embeddable":true,"href":"https:\/\/moirai.si\/hr\/wp-json\/wp\/v2\/media\/26296"}],"wp:attachment":[{"href":"https:\/\/moirai.si\/hr\/wp-json\/wp\/v2\/media?parent=26295"}],"wp:term":[{"taxonomy":"product_brand","embeddable":true,"href":"https:\/\/moirai.si\/hr\/wp-json\/wp\/v2\/product_brand?post=26295"},{"taxonomy":"product_cat","embeddable":true,"href":"https:\/\/moirai.si\/hr\/wp-json\/wp\/v2\/product_cat?post=26295"},{"taxonomy":"product_tag","embeddable":true,"href":"https:\/\/moirai.si\/hr\/wp-json\/wp\/v2\/product_tag?post=26295"}],"curies":[{"name":"wp","href":"https:\/\/api.w.org\/{rel}","templated":true}]}}