{"id":26325,"date":"2025-10-22T10:26:06","date_gmt":"2025-10-22T10:26:06","guid":{"rendered":"https:\/\/moirai.si\/?post_type=product&#038;p=26325"},"modified":"2025-10-22T10:26:06","modified_gmt":"2025-10-22T10:26:06","slug":"obesek-sokolje-oko","status":"publish","type":"product","link":"https:\/\/moirai.si\/hr\/izdelek\/obesek-sokolje-oko\/","title":{"rendered":"Obesek Sokolje Oko"},"content":{"rendered":"<p>\u010cudovit obesek Sokoljega o\u010desa in rodiniranega srebra 925. Veri\u017eica ni vklju\u010dena v ceno. <\/p>\n<p>MATERIAL: Sokolje oko (\u010drno Tigrovo oko), rodinirano srebro 925<br \/>\nTE\u017dINA: 6,1 g<br \/>\nVELI\u010cINA KAMENA: 1,4 \u00d7 2,4 cm<br \/>\nDEBLJINA KAMENA: 0,7 cm<br \/>\nDU\u017dINA PRIVJESKA: 3 cm<\/p>","protected":false},"excerpt":{"rendered":"<p>\u010cudovit obesek Sokoljega o\u010desa in rodiniranega srebra 925. Veri\u017eica ni vklju\u010dena v ceno. MATERIAL: Sokolje oko (\u010drno Tigrovo oko), rodinirano srebro 925 TE\u017dA: 6,1 g VELIKOST KAMNA: 1,4&#215;2,4 cm DEBELINA KAMNA: 0,7 cm DOL\u017dINA OBESKA: 3 cm<\/p>","protected":false},"featured_media":26326,"template":"","meta":[],"product_brand":[],"product_cat":[910,76],"product_tag":[637,1017],"class_list":{"0":"post-26325","1":"product","2":"type-product","3":"status-publish","4":"has-post-thumbnail","6":"product_cat-obeski-in-srebro","7":"product_cat-sokolje-oko","8":"product_tag-rodinirano-srebro-925","9":"product_tag-sokolje-oko-crno-tigrovo-oko","11":"first","12":"instock","13":"shipping-taxable","14":"purchasable","15":"product-type-simple"},"_links":{"self":[{"href":"https:\/\/moirai.si\/hr\/wp-json\/wp\/v2\/product\/26325","targetHints":{"allow":["GET"]}}],"collection":[{"href":"https:\/\/moirai.si\/hr\/wp-json\/wp\/v2\/product"}],"about":[{"href":"https:\/\/moirai.si\/hr\/wp-json\/wp\/v2\/types\/product"}],"wp:featuredmedia":[{"embeddable":true,"href":"https:\/\/moirai.si\/hr\/wp-json\/wp\/v2\/media\/26326"}],"wp:attachment":[{"href":"https:\/\/moirai.si\/hr\/wp-json\/wp\/v2\/media?parent=26325"}],"wp:term":[{"taxonomy":"product_brand","embeddable":true,"href":"https:\/\/moirai.si\/hr\/wp-json\/wp\/v2\/product_brand?post=26325"},{"taxonomy":"product_cat","embeddable":true,"href":"https:\/\/moirai.si\/hr\/wp-json\/wp\/v2\/product_cat?post=26325"},{"taxonomy":"product_tag","embeddable":true,"href":"https:\/\/moirai.si\/hr\/wp-json\/wp\/v2\/product_tag?post=26325"}],"curies":[{"name":"wp","href":"https:\/\/api.w.org\/{rel}","templated":true}]}}