{"id":26331,"date":"2025-10-22T10:38:40","date_gmt":"2025-10-22T10:38:40","guid":{"rendered":"https:\/\/moirai.si\/?post_type=product&#038;p=26331"},"modified":"2025-10-22T10:38:41","modified_gmt":"2025-10-22T10:38:41","slug":"obesek-obsidijan-snezni","status":"publish","type":"product","link":"https:\/\/moirai.si\/hr\/izdelek\/obesek-obsidijan-snezni\/","title":{"rendered":"Privjesak Snje\u017eni opsidijan"},"content":{"rendered":"<p>\u010cudovit obesek Sne\u017enega Obsidijana in rodiniranega srebra 925. Veri\u017eica ni vklju\u010dena v ceno. <\/p>\n<p>MATERIAL: Sne\u017eni Obsidijan, rodinirano srebro 925<br \/>\nTE\u017dA: 4,3 g<br \/>\nVELI\u010cINA KAMENA: 1,6\u00d72,2 cm<br \/>\nDEBLJINA KAMENA: 0,5 cm<br \/>\nDU\u017dINA PRIVJESKA: 3 cm<\/p>","protected":false},"excerpt":{"rendered":"<p>\u010cudovit obesek Sne\u017enega Obsidijana in rodiniranega srebra 925. Veri\u017eica ni vklju\u010dena v ceno. MATERIAL: Sne\u017eni Obsidijan, rodinirano srebro 925 TE\u017dA: 4,3 g VELIKOST KAMNA: 1,6&#215;2,2 cm DEBELINA KAMNA: 0,5 cm DOL\u017dINA OBESKA: 3 cm<\/p>","protected":false},"featured_media":26332,"template":"","meta":[],"product_brand":[],"product_cat":[910,63],"product_tag":[637,226],"class_list":{"0":"post-26331","1":"product","2":"type-product","3":"status-publish","4":"has-post-thumbnail","6":"product_cat-obeski-in-srebro","7":"product_cat-obsidijan","8":"product_tag-rodinirano-srebro-925","9":"product_tag-snezni-obsidijan","11":"first","12":"instock","13":"shipping-taxable","14":"purchasable","15":"product-type-simple"},"_links":{"self":[{"href":"https:\/\/moirai.si\/hr\/wp-json\/wp\/v2\/product\/26331","targetHints":{"allow":["GET"]}}],"collection":[{"href":"https:\/\/moirai.si\/hr\/wp-json\/wp\/v2\/product"}],"about":[{"href":"https:\/\/moirai.si\/hr\/wp-json\/wp\/v2\/types\/product"}],"wp:featuredmedia":[{"embeddable":true,"href":"https:\/\/moirai.si\/hr\/wp-json\/wp\/v2\/media\/26332"}],"wp:attachment":[{"href":"https:\/\/moirai.si\/hr\/wp-json\/wp\/v2\/media?parent=26331"}],"wp:term":[{"taxonomy":"product_brand","embeddable":true,"href":"https:\/\/moirai.si\/hr\/wp-json\/wp\/v2\/product_brand?post=26331"},{"taxonomy":"product_cat","embeddable":true,"href":"https:\/\/moirai.si\/hr\/wp-json\/wp\/v2\/product_cat?post=26331"},{"taxonomy":"product_tag","embeddable":true,"href":"https:\/\/moirai.si\/hr\/wp-json\/wp\/v2\/product_tag?post=26331"}],"curies":[{"name":"wp","href":"https:\/\/api.w.org\/{rel}","templated":true}]}}