{"id":26335,"date":"2025-10-22T11:01:29","date_gmt":"2025-10-22T11:01:29","guid":{"rendered":"https:\/\/moirai.si\/?post_type=product&#038;p=26335"},"modified":"2025-10-22T11:01:30","modified_gmt":"2025-10-22T11:01:30","slug":"privjesak-srebrni-opsidijan","status":"publish","type":"product","link":"https:\/\/moirai.si\/hr\/izdelek\/obesek-obsidijan-srebrni\/","title":{"rendered":"Privjesak Srebrni opsidijan"},"content":{"rendered":"<p>\u010cudovit obesek Srebrnega Obsidijana in rodiniranega srebra 925. Veri\u017eica ni vklju\u010dena v ceno. <\/p>\n<p>MATERIAL: Srebrni Obsidijan, rodinirano srebro 925<br \/>\nTE\u017dINA: 9,1 g<br \/>\nVELIKOST KAMNA: 1,4&#215;3,2 cm<br \/>\nDEBLJINA KAMENA: 0,9 cm<br \/>\nDU\u017dINA PRIVJESKA: 4,1 cm<\/p>","protected":false},"excerpt":{"rendered":"<p>\u010cudovit obesek Srebrnega Obsidijana in rodiniranega srebra 925. Veri\u017eica ni vklju\u010dena v ceno. MATERIAL: Srebrni Obsidijan, rodinirano srebro 925 TE\u017dA: 9,1 g VELIKOST KAMNA: 1,4&#215;3,2 cm DEBELINA KAMNA: 0,9 cm DOL\u017dINA OBESKA: 4,1 cm<\/p>","protected":false},"featured_media":26336,"template":"","meta":[],"product_brand":[],"product_cat":[910,63],"product_tag":[637,827],"class_list":{"0":"post-26335","1":"product","2":"type-product","3":"status-publish","4":"has-post-thumbnail","6":"product_cat-obeski-in-srebro","7":"product_cat-obsidijan","8":"product_tag-rodinirano-srebro-925","9":"product_tag-srebrni-obsidijan","11":"first","12":"instock","13":"shipping-taxable","14":"purchasable","15":"product-type-simple"},"_links":{"self":[{"href":"https:\/\/moirai.si\/hr\/wp-json\/wp\/v2\/product\/26335","targetHints":{"allow":["GET"]}}],"collection":[{"href":"https:\/\/moirai.si\/hr\/wp-json\/wp\/v2\/product"}],"about":[{"href":"https:\/\/moirai.si\/hr\/wp-json\/wp\/v2\/types\/product"}],"wp:featuredmedia":[{"embeddable":true,"href":"https:\/\/moirai.si\/hr\/wp-json\/wp\/v2\/media\/26336"}],"wp:attachment":[{"href":"https:\/\/moirai.si\/hr\/wp-json\/wp\/v2\/media?parent=26335"}],"wp:term":[{"taxonomy":"product_brand","embeddable":true,"href":"https:\/\/moirai.si\/hr\/wp-json\/wp\/v2\/product_brand?post=26335"},{"taxonomy":"product_cat","embeddable":true,"href":"https:\/\/moirai.si\/hr\/wp-json\/wp\/v2\/product_cat?post=26335"},{"taxonomy":"product_tag","embeddable":true,"href":"https:\/\/moirai.si\/hr\/wp-json\/wp\/v2\/product_tag?post=26335"}],"curies":[{"name":"wp","href":"https:\/\/api.w.org\/{rel}","templated":true}]}}