{"id":26347,"date":"2025-10-22T11:30:29","date_gmt":"2025-10-22T11:30:29","guid":{"rendered":"https:\/\/moirai.si\/?post_type=product&#038;p=26347"},"modified":"2025-10-22T11:30:29","modified_gmt":"2025-10-22T11:30:29","slug":"tirkizni-privjesak","status":"publish","type":"product","link":"https:\/\/moirai.si\/hr\/izdelek\/obesek-turkiz\/","title":{"rendered":"Privjesak Tirkiz"},"content":{"rendered":"<p>\u010cudovit obesek Turkiza in rodiniranega srebra 925. Veri\u017eica ni vklju\u010dena v ceno. <\/p>\n<p>MATERIAL: Turkiz, rodinirano srebro 925<br \/>\nTE\u017dA: 6,1g<br \/>\nVELIKOST KAMNA: 1,5&#215;2,1 cm<br \/>\nDEBLJINA KAMENA: 0,9 cm<br \/>\nDU\u017dINA PRIVJESKA: 3 cm<\/p>","protected":false},"excerpt":{"rendered":"<p>\u010cudovit obesek Turkiza in rodiniranega srebra 925. Veri\u017eica ni vklju\u010dena v ceno. MATERIAL: Turkiz, rodinirano srebro 925 TE\u017dA: 6,1g VELIKOST KAMNA: 1,5&#215;2,1 cm DEBELINA KAMNA: 0,9 cm DOL\u017dINA OBESKA: 3 cm<\/p>","protected":false},"featured_media":26348,"template":"","meta":[],"product_brand":[],"product_cat":[910,82],"product_tag":[637,223],"class_list":{"0":"post-26347","1":"product","2":"type-product","3":"status-publish","4":"has-post-thumbnail","6":"product_cat-obeski-in-srebro","7":"product_cat-turkiz","8":"product_tag-rodinirano-srebro-925","9":"product_tag-turkiz","11":"first","12":"instock","13":"shipping-taxable","14":"purchasable","15":"product-type-simple"},"_links":{"self":[{"href":"https:\/\/moirai.si\/hr\/wp-json\/wp\/v2\/product\/26347","targetHints":{"allow":["GET"]}}],"collection":[{"href":"https:\/\/moirai.si\/hr\/wp-json\/wp\/v2\/product"}],"about":[{"href":"https:\/\/moirai.si\/hr\/wp-json\/wp\/v2\/types\/product"}],"wp:featuredmedia":[{"embeddable":true,"href":"https:\/\/moirai.si\/hr\/wp-json\/wp\/v2\/media\/26348"}],"wp:attachment":[{"href":"https:\/\/moirai.si\/hr\/wp-json\/wp\/v2\/media?parent=26347"}],"wp:term":[{"taxonomy":"product_brand","embeddable":true,"href":"https:\/\/moirai.si\/hr\/wp-json\/wp\/v2\/product_brand?post=26347"},{"taxonomy":"product_cat","embeddable":true,"href":"https:\/\/moirai.si\/hr\/wp-json\/wp\/v2\/product_cat?post=26347"},{"taxonomy":"product_tag","embeddable":true,"href":"https:\/\/moirai.si\/hr\/wp-json\/wp\/v2\/product_tag?post=26347"}],"curies":[{"name":"wp","href":"https:\/\/api.w.org\/{rel}","templated":true}]}}