{"id":26353,"date":"2025-10-22T11:43:00","date_gmt":"2025-10-22T11:43:00","guid":{"rendered":"https:\/\/moirai.si\/?post_type=product&#038;p=26353"},"modified":"2025-10-22T11:43:00","modified_gmt":"2025-10-22T11:43:00","slug":"obesek-granat-zeleni-2","status":"publish","type":"product","link":"https:\/\/moirai.si\/hr\/izdelek\/obesek-granat-zeleni-2\/","title":{"rendered":"Obesek Granat Zeleni"},"content":{"rendered":"<p>\u010cudovit obesek zelenega Granata in rodiniranega srebra 925. Veri\u017eica ni vklju\u010dena v ceno. <\/p>\n<p>MATERIAL: zeleni Granat (Tsavorit ali Tsavolit), rodinirano srebro 925<br \/>\nVELIKOST KAMNA: 1,4&#215;1,9 cm<br \/>\nDEBLJINA KAMENA: 1,2 cm<br \/>\nDOL\u017dINA OBESKA: 2,7 cm<br \/>\nTE\u017dINA: 10 g <\/p>","protected":false},"excerpt":{"rendered":"<p>\u010cudovit obesek zelenega Granata in rodiniranega srebra 925. Veri\u017eica ni vklju\u010dena v ceno. MATERIAL: zeleni Granat (Tsavorit ali Tsavolit), rodinirano srebro 925 VELIKOST KAMNA: 1,4&#215;1,9 cm DEBELINA KAMNA: 1,2 cm DOL\u017dINA OBESKA: 2,7 cm TE\u017dA: 10 g<\/p>","protected":false},"featured_media":26354,"template":"","meta":[],"product_brand":[],"product_cat":[41,910],"product_tag":[637,1117],"class_list":{"0":"post-26353","1":"product","2":"type-product","3":"status-publish","4":"has-post-thumbnail","6":"product_cat-granat","7":"product_cat-obeski-in-srebro","8":"product_tag-rodinirano-srebro-925","9":"product_tag-zeleni-granat-tsavorit-ali-tsavolit","11":"first","12":"instock","13":"shipping-taxable","14":"purchasable","15":"product-type-simple"},"_links":{"self":[{"href":"https:\/\/moirai.si\/hr\/wp-json\/wp\/v2\/product\/26353","targetHints":{"allow":["GET"]}}],"collection":[{"href":"https:\/\/moirai.si\/hr\/wp-json\/wp\/v2\/product"}],"about":[{"href":"https:\/\/moirai.si\/hr\/wp-json\/wp\/v2\/types\/product"}],"wp:featuredmedia":[{"embeddable":true,"href":"https:\/\/moirai.si\/hr\/wp-json\/wp\/v2\/media\/26354"}],"wp:attachment":[{"href":"https:\/\/moirai.si\/hr\/wp-json\/wp\/v2\/media?parent=26353"}],"wp:term":[{"taxonomy":"product_brand","embeddable":true,"href":"https:\/\/moirai.si\/hr\/wp-json\/wp\/v2\/product_brand?post=26353"},{"taxonomy":"product_cat","embeddable":true,"href":"https:\/\/moirai.si\/hr\/wp-json\/wp\/v2\/product_cat?post=26353"},{"taxonomy":"product_tag","embeddable":true,"href":"https:\/\/moirai.si\/hr\/wp-json\/wp\/v2\/product_tag?post=26353"}],"curies":[{"name":"wp","href":"https:\/\/api.w.org\/{rel}","templated":true}]}}