{"id":26357,"date":"2025-10-22T11:49:34","date_gmt":"2025-10-22T11:49:34","guid":{"rendered":"https:\/\/moirai.si\/?post_type=product&#038;p=26357"},"modified":"2025-10-22T11:49:34","modified_gmt":"2025-10-22T11:49:34","slug":"obesek-jantar","status":"publish","type":"product","link":"https:\/\/moirai.si\/hr\/izdelek\/obesek-jantar\/","title":{"rendered":"Privjesak Jantar"},"content":{"rendered":"<p>\u010cudovit obesek Jantarja in srebra 925. Veri\u017eica ni vklju\u010dena v ceno. <\/p>\n<p>MATERIAL: Jantar, srebro 925<br \/>\nVELIKOST KAMNA: 1,6&#215;2,5 cm<br \/>\nDEBLJINA KAMENA: 0,7 cm<br \/>\nDU\u017dINA PRIVJESKA: 3,3 cm<br \/>\nTE\u017dINA: 3,5 g <\/p>","protected":false},"excerpt":{"rendered":"<p>\u010cudovit obesek Jantarja in srebra 925. Veri\u017eica ni vklju\u010dena v ceno. MATERIAL: Jantar, srebro 925 VELIKOST KAMNA: 1,6&#215;2,5 cm DEBELINA KAMNA: 0,7 cm DOL\u017dINA OBESKA: 3,3 cm TE\u017dA: 3,5 g<\/p>","protected":false},"featured_media":26358,"template":"","meta":[],"product_brand":[],"product_cat":[46,910],"product_tag":[197,371],"class_list":{"0":"post-26357","1":"product","2":"type-product","3":"status-publish","4":"has-post-thumbnail","6":"product_cat-jantar","7":"product_cat-obeski-in-srebro","8":"product_tag-jantar","9":"product_tag-srebro-925","11":"first","12":"instock","13":"shipping-taxable","14":"purchasable","15":"product-type-simple"},"_links":{"self":[{"href":"https:\/\/moirai.si\/hr\/wp-json\/wp\/v2\/product\/26357","targetHints":{"allow":["GET"]}}],"collection":[{"href":"https:\/\/moirai.si\/hr\/wp-json\/wp\/v2\/product"}],"about":[{"href":"https:\/\/moirai.si\/hr\/wp-json\/wp\/v2\/types\/product"}],"wp:featuredmedia":[{"embeddable":true,"href":"https:\/\/moirai.si\/hr\/wp-json\/wp\/v2\/media\/26358"}],"wp:attachment":[{"href":"https:\/\/moirai.si\/hr\/wp-json\/wp\/v2\/media?parent=26357"}],"wp:term":[{"taxonomy":"product_brand","embeddable":true,"href":"https:\/\/moirai.si\/hr\/wp-json\/wp\/v2\/product_brand?post=26357"},{"taxonomy":"product_cat","embeddable":true,"href":"https:\/\/moirai.si\/hr\/wp-json\/wp\/v2\/product_cat?post=26357"},{"taxonomy":"product_tag","embeddable":true,"href":"https:\/\/moirai.si\/hr\/wp-json\/wp\/v2\/product_tag?post=26357"}],"curies":[{"name":"wp","href":"https:\/\/api.w.org\/{rel}","templated":true}]}}