{"id":26361,"date":"2025-10-22T12:35:35","date_gmt":"2025-10-22T12:35:35","guid":{"rendered":"https:\/\/moirai.si\/?post_type=product&#038;p=26361"},"modified":"2025-10-22T12:35:35","modified_gmt":"2025-10-22T12:35:35","slug":"obesek-rutil-5","status":"publish","type":"product","link":"https:\/\/moirai.si\/hr\/izdelek\/obesek-rutil-5\/","title":{"rendered":"Privjesak Rutil"},"content":{"rendered":"<p>\u010cudovit obesek Rutila in rodiniranega srebra 925. Veri\u017eica ni vklju\u010dena v ceno. <\/p>\n<p>MATERIAL: Rutil (Rutil Kvarc), rodinirano srebro 925<br \/>\nDIMENZIJA KAMENA: 1,1\u00d72,1 cm<br \/>\nDEBLJINA KAMENA: 0,8 cm<br \/>\nDOL\u017dINA OBESKA: 2,9 cm<br \/>\nTE\u017dA: 4,9 g <\/p>","protected":false},"excerpt":{"rendered":"<p>\u010cudovit obesek Rutila in rodiniranega srebra 925. Veri\u017eica ni vklju\u010dena v ceno. MATERIAL: Rutil (Rutil Kvarc), rodinirano srebro 925 VELIKOST KAMNA: 1,1&#215;2,1 cm DEBELINA KAMNA: 0,8 cm DOL\u017dINA OBESKA: 2,9 cm TE\u017dA: 4,9 g<\/p>","protected":false},"featured_media":26362,"template":"","meta":[],"product_brand":[],"product_cat":[848,910,72],"product_tag":[637,1147],"class_list":{"0":"post-26361","1":"product","2":"type-product","3":"status-publish","4":"has-post-thumbnail","6":"product_cat-kvarc","7":"product_cat-obeski-in-srebro","8":"product_cat-rutil","9":"product_tag-rodinirano-srebro-925","10":"product_tag-rutil-rutil-kvarc","12":"first","13":"instock","14":"shipping-taxable","15":"purchasable","16":"product-type-simple"},"_links":{"self":[{"href":"https:\/\/moirai.si\/hr\/wp-json\/wp\/v2\/product\/26361","targetHints":{"allow":["GET"]}}],"collection":[{"href":"https:\/\/moirai.si\/hr\/wp-json\/wp\/v2\/product"}],"about":[{"href":"https:\/\/moirai.si\/hr\/wp-json\/wp\/v2\/types\/product"}],"wp:featuredmedia":[{"embeddable":true,"href":"https:\/\/moirai.si\/hr\/wp-json\/wp\/v2\/media\/26362"}],"wp:attachment":[{"href":"https:\/\/moirai.si\/hr\/wp-json\/wp\/v2\/media?parent=26361"}],"wp:term":[{"taxonomy":"product_brand","embeddable":true,"href":"https:\/\/moirai.si\/hr\/wp-json\/wp\/v2\/product_brand?post=26361"},{"taxonomy":"product_cat","embeddable":true,"href":"https:\/\/moirai.si\/hr\/wp-json\/wp\/v2\/product_cat?post=26361"},{"taxonomy":"product_tag","embeddable":true,"href":"https:\/\/moirai.si\/hr\/wp-json\/wp\/v2\/product_tag?post=26361"}],"curies":[{"name":"wp","href":"https:\/\/api.w.org\/{rel}","templated":true}]}}