{"id":26363,"date":"2025-10-22T12:39:26","date_gmt":"2025-10-22T12:39:26","guid":{"rendered":"https:\/\/moirai.si\/?post_type=product&#038;p=26363"},"modified":"2025-10-22T12:39:26","modified_gmt":"2025-10-22T12:39:26","slug":"obesek-mesecev-kamen","status":"publish","type":"product","link":"https:\/\/moirai.si\/hr\/izdelek\/obesek-mesecev-kamen\/","title":{"rendered":"Obesek Mese\u010dev Kamen"},"content":{"rendered":"<p>\u010cudovit obesek Mese\u010devega Kamna in rodiniranega srebra 925. Veri\u017eica ni vklju\u010dena v ceno. <\/p>\n<p>MATERIJAL: Mjese\u010dev kamen, srebro 925 s rodijem<br \/>\nVELIKOST KAMNA: 1,4&#215;2,9 cm<br \/>\nDEBLJINA KAMENA: 0,8 cm<br \/>\nDOL\u017dINA OBESKA: 3,9 cm<br \/>\nTE\u017dA: 8,9 g <\/p>","protected":false},"excerpt":{"rendered":"<p>\u010cudovit obesek Mese\u010devega Kamna in rodiniranega srebra 925. Veri\u017eica ni vklju\u010dena v ceno. MATERIAL: Mese\u010dev Kamen, rodinirano srebro 925 VELIKOST KAMNA: 1,4&#215;2,9 cm DEBELINA KAMNA: 0,8 cm DOL\u017dINA OBESKA: 3,9 cm TE\u017dA: 8,9 g<\/p>","protected":false},"featured_media":26364,"template":"","meta":[],"product_brand":[],"product_cat":[59,910],"product_tag":[366,637],"class_list":{"0":"post-26363","1":"product","2":"type-product","3":"status-publish","4":"has-post-thumbnail","6":"product_cat-mesecev-kamen","7":"product_cat-obeski-in-srebro","8":"product_tag-mesecev-kamen","9":"product_tag-rodinirano-srebro-925","11":"first","12":"instock","13":"shipping-taxable","14":"purchasable","15":"product-type-simple"},"_links":{"self":[{"href":"https:\/\/moirai.si\/hr\/wp-json\/wp\/v2\/product\/26363","targetHints":{"allow":["GET"]}}],"collection":[{"href":"https:\/\/moirai.si\/hr\/wp-json\/wp\/v2\/product"}],"about":[{"href":"https:\/\/moirai.si\/hr\/wp-json\/wp\/v2\/types\/product"}],"wp:featuredmedia":[{"embeddable":true,"href":"https:\/\/moirai.si\/hr\/wp-json\/wp\/v2\/media\/26364"}],"wp:attachment":[{"href":"https:\/\/moirai.si\/hr\/wp-json\/wp\/v2\/media?parent=26363"}],"wp:term":[{"taxonomy":"product_brand","embeddable":true,"href":"https:\/\/moirai.si\/hr\/wp-json\/wp\/v2\/product_brand?post=26363"},{"taxonomy":"product_cat","embeddable":true,"href":"https:\/\/moirai.si\/hr\/wp-json\/wp\/v2\/product_cat?post=26363"},{"taxonomy":"product_tag","embeddable":true,"href":"https:\/\/moirai.si\/hr\/wp-json\/wp\/v2\/product_tag?post=26363"}],"curies":[{"name":"wp","href":"https:\/\/api.w.org\/{rel}","templated":true}]}}