{"id":26383,"date":"2025-10-22T13:22:11","date_gmt":"2025-10-22T13:22:11","guid":{"rendered":"https:\/\/moirai.si\/?post_type=product&#038;p=26383"},"modified":"2025-11-27T12:10:13","modified_gmt":"2025-11-27T12:10:13","slug":"obesek-malahit-5","status":"publish","type":"product","link":"https:\/\/moirai.si\/hr\/izdelek\/obesek-malahit-5\/","title":{"rendered":"Privjesak Malahit"},"content":{"rendered":"<p>\u010cudovit obesek Malahita in rodiniranega srebra 925. Veri\u017eica ni vklju\u010dena v ceno. <\/p>\n<p>MATERIJAL: Malahit, srebro 925 s rodijem<br \/>\nVELIKOST KAMNA: 1,3&#215;2,8 cm<br \/>\nDEBLJINA KAMENA: 0,9 cm<br \/>\nDOL\u017dINA OBESKA: 2,7 cm<br \/>\nTE\u017dA: 7,2 g <\/p>","protected":false},"excerpt":{"rendered":"<p>\u010cudovit obesek Malahita in rodiniranega srebra 925. Veri\u017eica ni vklju\u010dena v ceno. MATERIAL: Malahit, rodinirano srebro 925 VELIKOST KAMNA: 1,3&#215;2,8 cm DEBELINA KAMNA: 0,9 cm DOL\u017dINA OBESKA: 2,7 cm TE\u017dA: 7,2 g<\/p>","protected":false},"featured_media":26384,"template":"","meta":[],"product_brand":[],"product_cat":[60,910],"product_tag":[399,637],"class_list":{"0":"post-26383","1":"product","2":"type-product","3":"status-publish","4":"has-post-thumbnail","6":"product_cat-malahit","7":"product_cat-obeski-in-srebro","8":"product_tag-malahit","9":"product_tag-rodinirano-srebro-925","11":"first","12":"instock","13":"shipping-taxable","14":"purchasable","15":"product-type-simple"},"_links":{"self":[{"href":"https:\/\/moirai.si\/hr\/wp-json\/wp\/v2\/product\/26383","targetHints":{"allow":["GET"]}}],"collection":[{"href":"https:\/\/moirai.si\/hr\/wp-json\/wp\/v2\/product"}],"about":[{"href":"https:\/\/moirai.si\/hr\/wp-json\/wp\/v2\/types\/product"}],"wp:featuredmedia":[{"embeddable":true,"href":"https:\/\/moirai.si\/hr\/wp-json\/wp\/v2\/media\/26384"}],"wp:attachment":[{"href":"https:\/\/moirai.si\/hr\/wp-json\/wp\/v2\/media?parent=26383"}],"wp:term":[{"taxonomy":"product_brand","embeddable":true,"href":"https:\/\/moirai.si\/hr\/wp-json\/wp\/v2\/product_brand?post=26383"},{"taxonomy":"product_cat","embeddable":true,"href":"https:\/\/moirai.si\/hr\/wp-json\/wp\/v2\/product_cat?post=26383"},{"taxonomy":"product_tag","embeddable":true,"href":"https:\/\/moirai.si\/hr\/wp-json\/wp\/v2\/product_tag?post=26383"}],"curies":[{"name":"wp","href":"https:\/\/api.w.org\/{rel}","templated":true}]}}