{"id":26387,"date":"2025-10-22T13:29:56","date_gmt":"2025-10-22T13:29:56","guid":{"rendered":"https:\/\/moirai.si\/?post_type=product&#038;p=26387"},"modified":"2025-10-22T13:29:57","modified_gmt":"2025-10-22T13:29:57","slug":"obesek-turmalin-kvarc-3","status":"publish","type":"product","link":"https:\/\/moirai.si\/hr\/izdelek\/obesek-turmalin-kvarc-3\/","title":{"rendered":"Privjesak turmalin kvarc"},"content":{"rendered":"<p>\u010cudovit obesek Turmalin Kvarca in rodiniranega srebra 925. Veri\u017eica ni vklju\u010dena v ceno. <\/p>\n<p>MATERIAL: Turmalin Kvarc, rodinirano srebro 925<br \/>\nVELIKOST KAMNA: 2,3&#215;2,6 cm<br \/>\nDEBLJINA KAMENA: 0,7 cm<br \/>\nDU\u017dINA PRIVJESKA: 3,3 cm<br \/>\nTE\u017dA: 9,6 g <\/p>","protected":false},"excerpt":{"rendered":"<p>\u010cudovit obesek Turmalin Kvarca in rodiniranega srebra 925. Veri\u017eica ni vklju\u010dena v ceno. MATERIAL: Turmalin Kvarc, rodinirano srebro 925 VELIKOST KAMNA: 2,3&#215;2,6 cm DEBELINA KAMNA: 0,7 cm DOL\u017dINA OBESKA: 3,3 cm TE\u017dA: 9,6 g<\/p>","protected":false},"featured_media":26388,"template":"","meta":[],"product_brand":[],"product_cat":[848,910,85],"product_tag":[637,1015],"class_list":{"0":"post-26387","1":"product","2":"type-product","3":"status-publish","4":"has-post-thumbnail","6":"product_cat-kvarc","7":"product_cat-obeski-in-srebro","8":"product_cat-turmalin","9":"product_tag-rodinirano-srebro-925","10":"product_tag-turmalin-kvarc","12":"first","13":"instock","14":"shipping-taxable","15":"purchasable","16":"product-type-simple"},"_links":{"self":[{"href":"https:\/\/moirai.si\/hr\/wp-json\/wp\/v2\/product\/26387","targetHints":{"allow":["GET"]}}],"collection":[{"href":"https:\/\/moirai.si\/hr\/wp-json\/wp\/v2\/product"}],"about":[{"href":"https:\/\/moirai.si\/hr\/wp-json\/wp\/v2\/types\/product"}],"wp:featuredmedia":[{"embeddable":true,"href":"https:\/\/moirai.si\/hr\/wp-json\/wp\/v2\/media\/26388"}],"wp:attachment":[{"href":"https:\/\/moirai.si\/hr\/wp-json\/wp\/v2\/media?parent=26387"}],"wp:term":[{"taxonomy":"product_brand","embeddable":true,"href":"https:\/\/moirai.si\/hr\/wp-json\/wp\/v2\/product_brand?post=26387"},{"taxonomy":"product_cat","embeddable":true,"href":"https:\/\/moirai.si\/hr\/wp-json\/wp\/v2\/product_cat?post=26387"},{"taxonomy":"product_tag","embeddable":true,"href":"https:\/\/moirai.si\/hr\/wp-json\/wp\/v2\/product_tag?post=26387"}],"curies":[{"name":"wp","href":"https:\/\/api.w.org\/{rel}","templated":true}]}}