{"id":26393,"date":"2025-10-22T13:37:40","date_gmt":"2025-10-22T13:37:40","guid":{"rendered":"https:\/\/moirai.si\/?post_type=product&#038;p=26393"},"modified":"2025-10-22T13:37:41","modified_gmt":"2025-10-22T13:37:41","slug":"privjesak-iza-2","status":"publish","type":"product","link":"https:\/\/moirai.si\/hr\/izdelek\/obesek-zad-2\/","title":{"rendered":"Privjesak \u017dad"},"content":{"rendered":"<p>\u010cudovit obesek \u017dada in rodiniranega srebra 925. Veri\u017eica ni vklju\u010dena v ceno. <\/p>\n<p>MATERIAL: \u017dad, rodinirano srebro 925<br \/>\nDIMENZIJA KAMENA: 1,4\u00d72,3 cm<br \/>\nDEBLJINA KAMENA: 0,3 cm<br \/>\nDU\u017dINA PRIVJESKA: 3,2 cm<br \/>\nTE\u017dINA: 5 g <\/p>","protected":false},"excerpt":{"rendered":"<p>\u010cudovit obesek \u017dada in rodiniranega srebra 925. Veri\u017eica ni vklju\u010dena v ceno. MATERIAL: \u017dad, rodinirano srebro 925 VELIKOST KAMNA: 1,4&#215;2,3 cm DEBELINA KAMNA: 0,3 cm DOL\u017dINA OBESKA: 3,2 cm TE\u017dA: 5 g<\/p>","protected":false},"featured_media":26394,"template":"","meta":[],"product_brand":[],"product_cat":[910,89],"product_tag":[637,236],"class_list":{"0":"post-26393","1":"product","2":"type-product","3":"status-publish","4":"has-post-thumbnail","6":"product_cat-obeski-in-srebro","7":"product_cat-zad","8":"product_tag-rodinirano-srebro-925","9":"product_tag-zad","11":"first","12":"instock","13":"shipping-taxable","14":"purchasable","15":"product-type-simple"},"_links":{"self":[{"href":"https:\/\/moirai.si\/hr\/wp-json\/wp\/v2\/product\/26393","targetHints":{"allow":["GET"]}}],"collection":[{"href":"https:\/\/moirai.si\/hr\/wp-json\/wp\/v2\/product"}],"about":[{"href":"https:\/\/moirai.si\/hr\/wp-json\/wp\/v2\/types\/product"}],"wp:featuredmedia":[{"embeddable":true,"href":"https:\/\/moirai.si\/hr\/wp-json\/wp\/v2\/media\/26394"}],"wp:attachment":[{"href":"https:\/\/moirai.si\/hr\/wp-json\/wp\/v2\/media?parent=26393"}],"wp:term":[{"taxonomy":"product_brand","embeddable":true,"href":"https:\/\/moirai.si\/hr\/wp-json\/wp\/v2\/product_brand?post=26393"},{"taxonomy":"product_cat","embeddable":true,"href":"https:\/\/moirai.si\/hr\/wp-json\/wp\/v2\/product_cat?post=26393"},{"taxonomy":"product_tag","embeddable":true,"href":"https:\/\/moirai.si\/hr\/wp-json\/wp\/v2\/product_tag?post=26393"}],"curies":[{"name":"wp","href":"https:\/\/api.w.org\/{rel}","templated":true}]}}