{"id":26395,"date":"2025-10-22T13:41:10","date_gmt":"2025-10-22T13:41:10","guid":{"rendered":"https:\/\/moirai.si\/?post_type=product&#038;p=26395"},"modified":"2025-10-22T13:41:10","modified_gmt":"2025-10-22T13:41:10","slug":"obesek-zad-3","status":"publish","type":"product","link":"https:\/\/moirai.si\/hr\/izdelek\/obesek-zad-3\/","title":{"rendered":"Privjesak \u017dad"},"content":{"rendered":"<p>Prekrasan privjesak od \u017eada i srebra 925, srebrni lan\u010di\u010d nije uklju\u010den u cijenu. <\/p>\n<p>MATERIAL: \u017dad, srebro 925<br \/>\nVELIKOST KAMNA: 0,7&#215;3,1 cm<br \/>\nDEBLJINA KAMENA: 0,3 cm<br \/>\nDOL\u017dINA OBESKA: 3,9 cm<br \/>\nTE\u017dINA: 3,4 g <\/p>","protected":false},"excerpt":{"rendered":"<p>\u010cudovit obesek \u017dada in srebra 925. Veri\u017eica ni vklju\u010dena v ceno. MATERIAL: \u017dad, srebro 925 VELIKOST KAMNA: 0,7&#215;3,1 cm DEBELINA KAMNA: 0,3 cm DOL\u017dINA OBESKA: 3,9 cm TE\u017dA: 3,4 g<\/p>","protected":false},"featured_media":26396,"template":"","meta":[],"product_brand":[],"product_cat":[910,89],"product_tag":[371,236],"class_list":{"0":"post-26395","1":"product","2":"type-product","3":"status-publish","4":"has-post-thumbnail","6":"product_cat-obeski-in-srebro","7":"product_cat-zad","8":"product_tag-srebro-925","9":"product_tag-zad","11":"first","12":"instock","13":"shipping-taxable","14":"purchasable","15":"product-type-simple"},"_links":{"self":[{"href":"https:\/\/moirai.si\/hr\/wp-json\/wp\/v2\/product\/26395","targetHints":{"allow":["GET"]}}],"collection":[{"href":"https:\/\/moirai.si\/hr\/wp-json\/wp\/v2\/product"}],"about":[{"href":"https:\/\/moirai.si\/hr\/wp-json\/wp\/v2\/types\/product"}],"wp:featuredmedia":[{"embeddable":true,"href":"https:\/\/moirai.si\/hr\/wp-json\/wp\/v2\/media\/26396"}],"wp:attachment":[{"href":"https:\/\/moirai.si\/hr\/wp-json\/wp\/v2\/media?parent=26395"}],"wp:term":[{"taxonomy":"product_brand","embeddable":true,"href":"https:\/\/moirai.si\/hr\/wp-json\/wp\/v2\/product_brand?post=26395"},{"taxonomy":"product_cat","embeddable":true,"href":"https:\/\/moirai.si\/hr\/wp-json\/wp\/v2\/product_cat?post=26395"},{"taxonomy":"product_tag","embeddable":true,"href":"https:\/\/moirai.si\/hr\/wp-json\/wp\/v2\/product_tag?post=26395"}],"curies":[{"name":"wp","href":"https:\/\/api.w.org\/{rel}","templated":true}]}}