{"id":26397,"date":"2025-10-23T17:06:02","date_gmt":"2025-10-23T17:06:02","guid":{"rendered":"https:\/\/moirai.si\/?post_type=product&#038;p=26397"},"modified":"2025-10-23T17:06:02","modified_gmt":"2025-10-23T17:06:02","slug":"obesek-obsidijan-srebrni-6","status":"publish","type":"product","link":"https:\/\/moirai.si\/hr\/izdelek\/obesek-obsidijan-srebrni-6\/","title":{"rendered":"Privjesak Srebrni opsidijan"},"content":{"rendered":"<p>\u010cudovit obesek srebrnega Obsidijana in rodiniranega srebra 925. Veri\u017eica ni vklju\u010dena v ceno. <\/p>\n<p>MATERIAL: Srebrni Obsidijan, rodinirano srebro 925<br \/>\nVELIKOST KAMNA: 0,9&#215;1,3 cm<br \/>\nDEBLJINA KAMENA: 0,5 cm<br \/>\nDU\u017dINA PRIVJESKA: 2,2 cm<br \/>\nTE\u017dINA: 1,9 g <\/p>","protected":false},"excerpt":{"rendered":"<p>\u010cudovit obesek srebrnega Obsidijana in rodiniranega srebra 925. Veri\u017eica ni vklju\u010dena v ceno. MATERIAL: Srebrni Obsidijan, rodinirano srebro 925 VELIKOST KAMNA: 0,9&#215;1,3 cm DEBELINA KAMNA: 0,5 cm DOL\u017dINA OBESKA: 2,2 cm TE\u017dA: 1,9 g<\/p>","protected":false},"featured_media":26398,"template":"","meta":[],"product_brand":[],"product_cat":[910,63],"product_tag":[637,827],"class_list":{"0":"post-26397","1":"product","2":"type-product","3":"status-publish","4":"has-post-thumbnail","6":"product_cat-obeski-in-srebro","7":"product_cat-obsidijan","8":"product_tag-rodinirano-srebro-925","9":"product_tag-srebrni-obsidijan","11":"first","12":"instock","13":"shipping-taxable","14":"purchasable","15":"product-type-simple"},"_links":{"self":[{"href":"https:\/\/moirai.si\/hr\/wp-json\/wp\/v2\/product\/26397","targetHints":{"allow":["GET"]}}],"collection":[{"href":"https:\/\/moirai.si\/hr\/wp-json\/wp\/v2\/product"}],"about":[{"href":"https:\/\/moirai.si\/hr\/wp-json\/wp\/v2\/types\/product"}],"wp:featuredmedia":[{"embeddable":true,"href":"https:\/\/moirai.si\/hr\/wp-json\/wp\/v2\/media\/26398"}],"wp:attachment":[{"href":"https:\/\/moirai.si\/hr\/wp-json\/wp\/v2\/media?parent=26397"}],"wp:term":[{"taxonomy":"product_brand","embeddable":true,"href":"https:\/\/moirai.si\/hr\/wp-json\/wp\/v2\/product_brand?post=26397"},{"taxonomy":"product_cat","embeddable":true,"href":"https:\/\/moirai.si\/hr\/wp-json\/wp\/v2\/product_cat?post=26397"},{"taxonomy":"product_tag","embeddable":true,"href":"https:\/\/moirai.si\/hr\/wp-json\/wp\/v2\/product_tag?post=26397"}],"curies":[{"name":"wp","href":"https:\/\/api.w.org\/{rel}","templated":true}]}}