{"id":26445,"date":"2025-10-24T11:21:55","date_gmt":"2025-10-24T11:21:55","guid":{"rendered":"https:\/\/moirai.si\/?post_type=product&#038;p=26445"},"modified":"2025-10-26T10:34:02","modified_gmt":"2025-10-26T10:34:02","slug":"versy-jantar-4","status":"publish","type":"product","link":"https:\/\/moirai.si\/hr\/izdelek\/versy-jantar-4\/","title":{"rendered":"Versy Jantar"},"content":{"rendered":"<p>Unikaten obesek kolekcije Versy iz Jantarja na \u010drnem usnjenem traku s prilagodljivo dol\u017eino (poteg vozla gor oz. dol). <\/p>\n<p>MATERIAL: Jantar, \u010drno usnje<br \/>\nDU\u017dINA: podesiva (38-77 cm)<br \/>\nVELIKOST KAMNA: 2&#215;3,2 cm<br \/>\nDEBLJINA KAMENA: 0,8 cm<br \/>\nTE\u017dA: 6,6 g<\/p>","protected":false},"excerpt":{"rendered":"<p>Unikaten obesek kolekcije Versy iz Jantarja na \u010drnem usnjenem traku s prilagodljivo dol\u017eino (poteg vozla gor oz. dol). MATERIAL: Jantar, \u010drno usnje DOL\u017dINA: prilagodljiva (38-77 cm) VELIKOST KAMNA: 2&#215;3,2 cm DEBELINA KAMNA: 0,8 cm TE\u017dA: 6,6 g<\/p>","protected":false},"featured_media":26446,"template":"","meta":[],"product_brand":[],"product_cat":[46,92,309],"product_tag":[648,197],"class_list":{"0":"post-26445","1":"product","2":"type-product","3":"status-publish","4":"has-post-thumbnail","6":"product_cat-jantar","7":"product_cat-obeski-in-usnje","8":"product_cat-versy","9":"product_tag-crno-usnje","10":"product_tag-jantar","12":"first","13":"instock","14":"shipping-taxable","15":"purchasable","16":"product-type-simple"},"_links":{"self":[{"href":"https:\/\/moirai.si\/hr\/wp-json\/wp\/v2\/product\/26445","targetHints":{"allow":["GET"]}}],"collection":[{"href":"https:\/\/moirai.si\/hr\/wp-json\/wp\/v2\/product"}],"about":[{"href":"https:\/\/moirai.si\/hr\/wp-json\/wp\/v2\/types\/product"}],"wp:featuredmedia":[{"embeddable":true,"href":"https:\/\/moirai.si\/hr\/wp-json\/wp\/v2\/media\/26446"}],"wp:attachment":[{"href":"https:\/\/moirai.si\/hr\/wp-json\/wp\/v2\/media?parent=26445"}],"wp:term":[{"taxonomy":"product_brand","embeddable":true,"href":"https:\/\/moirai.si\/hr\/wp-json\/wp\/v2\/product_brand?post=26445"},{"taxonomy":"product_cat","embeddable":true,"href":"https:\/\/moirai.si\/hr\/wp-json\/wp\/v2\/product_cat?post=26445"},{"taxonomy":"product_tag","embeddable":true,"href":"https:\/\/moirai.si\/hr\/wp-json\/wp\/v2\/product_tag?post=26445"}],"curies":[{"name":"wp","href":"https:\/\/api.w.org\/{rel}","templated":true}]}}