{"id":26450,"date":"2025-10-24T11:27:46","date_gmt":"2025-10-24T11:27:46","guid":{"rendered":"https:\/\/moirai.si\/?post_type=product&#038;p=26450"},"modified":"2025-10-26T10:33:46","modified_gmt":"2025-10-26T10:33:46","slug":"versy-obsidijan-srebrni-6","status":"publish","type":"product","link":"https:\/\/moirai.si\/hr\/izdelek\/versy-obsidijan-srebrni-6\/","title":{"rendered":"Versy opsidijan srebrni"},"content":{"rendered":"<p>Unikaten obesek kolekcije Versy iz srebrnega Obsidijana na \u010drnem usnjenem traku s prilagodljivo dol\u017eino (poteg vozla gor oz. dol). <\/p>\n<p>MATERIAL: srebrni Opsidijan, crna ko\u017ea<br \/>\nDU\u017dINA: podesiva (38-77 cm)<br \/>\nVELIKOST KAMNA: 1,7&#215;2,4 cm<br \/>\nDEBLJINA KAMENA: 1 cm<br \/>\nTE\u017dINA: 10,7 g<\/p>","protected":false},"excerpt":{"rendered":"<p>Unikaten obesek kolekcije Versy iz srebrnega Obsidijana na \u010drnem usnjenem traku s prilagodljivo dol\u017eino (poteg vozla gor oz. dol). MATERIAL: srebrni Obsidijan, \u010drno usnje DOL\u017dINA: prilagodljiva (38-77 cm) VELIKOST KAMNA: 1,7&#215;2,4 cm DEBELINA KAMNA: 1 cm TE\u017dA: 10,7 g<\/p>","protected":false},"featured_media":26451,"template":"","meta":[],"product_brand":[],"product_cat":[92,63,309],"product_tag":[648,827],"class_list":{"0":"post-26450","1":"product","2":"type-product","3":"status-publish","4":"has-post-thumbnail","6":"product_cat-obeski-in-usnje","7":"product_cat-obsidijan","8":"product_cat-versy","9":"product_tag-crno-usnje","10":"product_tag-srebrni-obsidijan","12":"first","13":"instock","14":"shipping-taxable","15":"purchasable","16":"product-type-simple"},"_links":{"self":[{"href":"https:\/\/moirai.si\/hr\/wp-json\/wp\/v2\/product\/26450","targetHints":{"allow":["GET"]}}],"collection":[{"href":"https:\/\/moirai.si\/hr\/wp-json\/wp\/v2\/product"}],"about":[{"href":"https:\/\/moirai.si\/hr\/wp-json\/wp\/v2\/types\/product"}],"wp:featuredmedia":[{"embeddable":true,"href":"https:\/\/moirai.si\/hr\/wp-json\/wp\/v2\/media\/26451"}],"wp:attachment":[{"href":"https:\/\/moirai.si\/hr\/wp-json\/wp\/v2\/media?parent=26450"}],"wp:term":[{"taxonomy":"product_brand","embeddable":true,"href":"https:\/\/moirai.si\/hr\/wp-json\/wp\/v2\/product_brand?post=26450"},{"taxonomy":"product_cat","embeddable":true,"href":"https:\/\/moirai.si\/hr\/wp-json\/wp\/v2\/product_cat?post=26450"},{"taxonomy":"product_tag","embeddable":true,"href":"https:\/\/moirai.si\/hr\/wp-json\/wp\/v2\/product_tag?post=26450"}],"curies":[{"name":"wp","href":"https:\/\/api.w.org\/{rel}","templated":true}]}}