{"id":26471,"date":"2025-10-24T13:41:57","date_gmt":"2025-10-24T13:41:57","guid":{"rendered":"https:\/\/moirai.si\/?post_type=product&#038;p=26471"},"modified":"2025-10-26T10:32:21","modified_gmt":"2025-10-26T10:32:21","slug":"versy-rozevec-girasol-11","status":"publish","type":"product","link":"https:\/\/moirai.si\/hr\/izdelek\/versy-rozevec-girasol-11\/","title":{"rendered":"Versy Rozenkvarc Girasol"},"content":{"rendered":"<p>Unikaten obesek kolekcije Versy iz Girasol Ro\u017eevca na \u010drnem usnjenem traku s prilagodljivo dol\u017eino (poteg vozla gor oz. dol). <\/p>\n<p>MATERIAL: Girasol Rozenkvarc, crna ko\u017ea<br \/>\nDU\u017dINA: podesiva (38-77 cm)<br \/>\nVELI\u010cINA KAMENA: 2,2\u00d72,6 cm<br \/>\nDEBLJINA KAMENA: 0,7 cm<br \/>\nTE\u017dINA: 12,6 g<\/p>","protected":false},"excerpt":{"rendered":"<p>Unikaten obesek kolekcije Versy iz Girasol Ro\u017eevca na \u010drnem usnjenem traku s prilagodljivo dol\u017eino (poteg vozla gor oz. dol). MATERIAL: Girasol Ro\u017eevec, \u010drno usnje DOL\u017dINA: prilagodljiva (38-77 cm) VELIKOST KAMNA: 2,2&#215;2,6 cm DEBELINA KAMNA: 0,7 cm TE\u017dA: 12,6 g<\/p>","protected":false},"featured_media":26472,"template":"","meta":[],"product_brand":[],"product_cat":[92,69,309],"product_tag":[648,1110],"class_list":{"0":"post-26471","1":"product","2":"type-product","3":"status-publish","4":"has-post-thumbnail","6":"product_cat-obeski-in-usnje","7":"product_cat-rozevec","8":"product_cat-versy","9":"product_tag-crno-usnje","10":"product_tag-girasol-rozevec","12":"first","13":"instock","14":"shipping-taxable","15":"purchasable","16":"product-type-simple"},"_links":{"self":[{"href":"https:\/\/moirai.si\/hr\/wp-json\/wp\/v2\/product\/26471","targetHints":{"allow":["GET"]}}],"collection":[{"href":"https:\/\/moirai.si\/hr\/wp-json\/wp\/v2\/product"}],"about":[{"href":"https:\/\/moirai.si\/hr\/wp-json\/wp\/v2\/types\/product"}],"wp:featuredmedia":[{"embeddable":true,"href":"https:\/\/moirai.si\/hr\/wp-json\/wp\/v2\/media\/26472"}],"wp:attachment":[{"href":"https:\/\/moirai.si\/hr\/wp-json\/wp\/v2\/media?parent=26471"}],"wp:term":[{"taxonomy":"product_brand","embeddable":true,"href":"https:\/\/moirai.si\/hr\/wp-json\/wp\/v2\/product_brand?post=26471"},{"taxonomy":"product_cat","embeddable":true,"href":"https:\/\/moirai.si\/hr\/wp-json\/wp\/v2\/product_cat?post=26471"},{"taxonomy":"product_tag","embeddable":true,"href":"https:\/\/moirai.si\/hr\/wp-json\/wp\/v2\/product_tag?post=26471"}],"curies":[{"name":"wp","href":"https:\/\/api.w.org\/{rel}","templated":true}]}}