{"id":26479,"date":"2025-10-24T13:59:29","date_gmt":"2025-10-24T13:59:29","guid":{"rendered":"https:\/\/moirai.si\/?post_type=product&#038;p=26479"},"modified":"2025-10-26T10:31:47","modified_gmt":"2025-10-26T10:31:47","slug":"versy-obsidijan-zlati-3","status":"publish","type":"product","link":"https:\/\/moirai.si\/hr\/izdelek\/versy-obsidijan-zlati-3\/","title":{"rendered":"Versy Opsidijan Zlatni"},"content":{"rendered":"<p>Unikaten obesek kolekcije Versy iz zlatega Obsidijana na \u010drnem usnjenem traku s prilagodljivo dol\u017eino (poteg vozla gor oz. dol). <\/p>\n<p>MATERIAL: Zlatni Opsidijan, crna ko\u017ea<br \/>\nDU\u017dINA: podesiva (38-77 cm)<br \/>\nVELIKOST KAMNA: 1,5&#215;4,2 cm<br \/>\nDEBLJINA KAMENA: 0,9 cm<br \/>\nTE\u017dINA: 12,6 g<\/p>","protected":false},"excerpt":{"rendered":"<p>Unikaten obesek kolekcije Versy iz zlatega Obsidijana na \u010drnem usnjenem traku s prilagodljivo dol\u017eino (poteg vozla gor oz. dol). MATERIAL: Zlati Obsidijan, \u010drno usnje DOL\u017dINA: prilagodljiva (38-77 cm) VELIKOST KAMNA: 1,5&#215;4,2 cm DEBELINA KAMNA: 0,9 cm TE\u017dA: 12,6 g<\/p>","protected":false},"featured_media":26480,"template":"","meta":[],"product_brand":[],"product_cat":[92,63,309],"product_tag":[648,841],"class_list":{"0":"post-26479","1":"product","2":"type-product","3":"status-publish","4":"has-post-thumbnail","6":"product_cat-obeski-in-usnje","7":"product_cat-obsidijan","8":"product_cat-versy","9":"product_tag-crno-usnje","10":"product_tag-zlati-obsidijan","12":"first","13":"instock","14":"shipping-taxable","15":"purchasable","16":"product-type-simple"},"_links":{"self":[{"href":"https:\/\/moirai.si\/hr\/wp-json\/wp\/v2\/product\/26479","targetHints":{"allow":["GET"]}}],"collection":[{"href":"https:\/\/moirai.si\/hr\/wp-json\/wp\/v2\/product"}],"about":[{"href":"https:\/\/moirai.si\/hr\/wp-json\/wp\/v2\/types\/product"}],"wp:featuredmedia":[{"embeddable":true,"href":"https:\/\/moirai.si\/hr\/wp-json\/wp\/v2\/media\/26480"}],"wp:attachment":[{"href":"https:\/\/moirai.si\/hr\/wp-json\/wp\/v2\/media?parent=26479"}],"wp:term":[{"taxonomy":"product_brand","embeddable":true,"href":"https:\/\/moirai.si\/hr\/wp-json\/wp\/v2\/product_brand?post=26479"},{"taxonomy":"product_cat","embeddable":true,"href":"https:\/\/moirai.si\/hr\/wp-json\/wp\/v2\/product_cat?post=26479"},{"taxonomy":"product_tag","embeddable":true,"href":"https:\/\/moirai.si\/hr\/wp-json\/wp\/v2\/product_tag?post=26479"}],"curies":[{"name":"wp","href":"https:\/\/api.w.org\/{rel}","templated":true}]}}