{"id":26498,"date":"2025-10-24T14:27:37","date_gmt":"2025-10-24T14:27:37","guid":{"rendered":"https:\/\/moirai.si\/?post_type=product&#038;p=26498"},"modified":"2025-10-26T10:30:17","modified_gmt":"2025-10-26T10:30:17","slug":"versy-hematit-4","status":"publish","type":"product","link":"https:\/\/moirai.si\/hr\/izdelek\/versy-hematit-4\/","title":{"rendered":"Versy Hematit"},"content":{"rendered":"<p>Unikaten obesek kolekcije Versy iz Hematita na \u010drnem usnjenem traku s prilagodljivo dol\u017eino (poteg vozla gor oz. dol). <\/p>\n<p>MATERIJAL: Hematit, crna ko\u017ea<br \/>\nDU\u017dINA: podesiva (38-77 cm)<br \/>\nVELIKOST KAMNA: 2,2&#215;2,5 cm<br \/>\nDEBLJINA KAMENA: 0,8 cm<br \/>\nTE\u017dA: 22,2 g<\/p>","protected":false},"excerpt":{"rendered":"<p>Unikaten obesek kolekcije Versy iz Hematita na \u010drnem usnjenem traku s prilagodljivo dol\u017eino (poteg vozla gor oz. dol). MATERIAL: Hematit, \u010drno usnje DOL\u017dINA: prilagodljiva (38-77 cm) VELIKOST KAMNA: 2,2&#215;2,5 cm DEBELINA KAMNA: 0,8 cm TE\u017dA: 22,2 g<\/p>","protected":false},"featured_media":26499,"template":"","meta":[],"product_brand":[],"product_cat":[42,92,309],"product_tag":[648,202],"class_list":{"0":"post-26498","1":"product","2":"type-product","3":"status-publish","4":"has-post-thumbnail","6":"product_cat-hematit","7":"product_cat-obeski-in-usnje","8":"product_cat-versy","9":"product_tag-crno-usnje","10":"product_tag-hematit","12":"first","13":"instock","14":"shipping-taxable","15":"purchasable","16":"product-type-simple"},"_links":{"self":[{"href":"https:\/\/moirai.si\/hr\/wp-json\/wp\/v2\/product\/26498","targetHints":{"allow":["GET"]}}],"collection":[{"href":"https:\/\/moirai.si\/hr\/wp-json\/wp\/v2\/product"}],"about":[{"href":"https:\/\/moirai.si\/hr\/wp-json\/wp\/v2\/types\/product"}],"wp:featuredmedia":[{"embeddable":true,"href":"https:\/\/moirai.si\/hr\/wp-json\/wp\/v2\/media\/26499"}],"wp:attachment":[{"href":"https:\/\/moirai.si\/hr\/wp-json\/wp\/v2\/media?parent=26498"}],"wp:term":[{"taxonomy":"product_brand","embeddable":true,"href":"https:\/\/moirai.si\/hr\/wp-json\/wp\/v2\/product_brand?post=26498"},{"taxonomy":"product_cat","embeddable":true,"href":"https:\/\/moirai.si\/hr\/wp-json\/wp\/v2\/product_cat?post=26498"},{"taxonomy":"product_tag","embeddable":true,"href":"https:\/\/moirai.si\/hr\/wp-json\/wp\/v2\/product_tag?post=26498"}],"curies":[{"name":"wp","href":"https:\/\/api.w.org\/{rel}","templated":true}]}}