{"id":26500,"date":"2025-10-24T14:31:01","date_gmt":"2025-10-24T14:31:01","guid":{"rendered":"https:\/\/moirai.si\/?post_type=product&#038;p=26500"},"modified":"2026-03-26T13:14:39","modified_gmt":"2026-03-26T13:14:39","slug":"versy-aventurin","status":"publish","type":"product","link":"https:\/\/moirai.si\/hr\/izdelek\/versy-aventurin\/","title":{"rendered":"Versy Aventurin"},"content":{"rendered":"<p>Unikaten obesek kolekcije Versy iz Aventurina na \u010drnem usnjenem traku s prilagodljivo dol\u017eino (poteg vozla gor oz. dol). <\/p>\n<p>MATERIJAL: Aventurin, crna ko\u017ea<br \/>\nDU\u017dINA: podesiva (38-77 cm)<br \/>\nVELIKOST KAMNA: 2,3&#215;3,2 cm<br \/>\nDEBLJINA KAMENA: 0,5 cm<br \/>\nTE\u017dA: 12,5 g<\/p>","protected":false},"excerpt":{"rendered":"<p>Unikaten obesek kolekcije Versy iz Aventurina na \u010drnem usnjenem traku s prilagodljivo dol\u017eino (poteg vozla gor oz. dol). MATERIAL: Aventurin, \u010drno usnje DOL\u017dINA: prilagodljiva (38-77 cm) VELIKOST KAMNA: 2,3&#215;3,2 cm DEBELINA KAMNA: 0,5 cm TE\u017dA: 12,5 g<\/p>","protected":false},"featured_media":26501,"template":"","meta":[],"product_brand":[],"product_cat":[31,92,309],"product_tag":[200,648],"class_list":{"0":"post-26500","1":"product","2":"type-product","3":"status-publish","4":"has-post-thumbnail","6":"product_cat-aventurin","7":"product_cat-obeski-in-usnje","8":"product_cat-versy","9":"product_tag-aventurin","10":"product_tag-crno-usnje","12":"first","13":"instock","14":"shipping-taxable","15":"purchasable","16":"product-type-simple"},"_links":{"self":[{"href":"https:\/\/moirai.si\/hr\/wp-json\/wp\/v2\/product\/26500","targetHints":{"allow":["GET"]}}],"collection":[{"href":"https:\/\/moirai.si\/hr\/wp-json\/wp\/v2\/product"}],"about":[{"href":"https:\/\/moirai.si\/hr\/wp-json\/wp\/v2\/types\/product"}],"wp:featuredmedia":[{"embeddable":true,"href":"https:\/\/moirai.si\/hr\/wp-json\/wp\/v2\/media\/26501"}],"wp:attachment":[{"href":"https:\/\/moirai.si\/hr\/wp-json\/wp\/v2\/media?parent=26500"}],"wp:term":[{"taxonomy":"product_brand","embeddable":true,"href":"https:\/\/moirai.si\/hr\/wp-json\/wp\/v2\/product_brand?post=26500"},{"taxonomy":"product_cat","embeddable":true,"href":"https:\/\/moirai.si\/hr\/wp-json\/wp\/v2\/product_cat?post=26500"},{"taxonomy":"product_tag","embeddable":true,"href":"https:\/\/moirai.si\/hr\/wp-json\/wp\/v2\/product_tag?post=26500"}],"curies":[{"name":"wp","href":"https:\/\/api.w.org\/{rel}","templated":true}]}}