{"id":26527,"date":"2025-10-27T11:02:22","date_gmt":"2025-10-27T11:02:22","guid":{"rendered":"https:\/\/moirai.si\/?post_type=product&#038;p=26527"},"modified":"2025-10-27T11:02:23","modified_gmt":"2025-10-27T11:02:23","slug":"versy-zad-6","status":"publish","type":"product","link":"https:\/\/moirai.si\/hr\/izdelek\/versy-zad-6\/","title":{"rendered":"Versy \u017dad"},"content":{"rendered":"<p>Unikaten obesek kolekcije Versy iz \u017dada na \u010drnem usnjenem traku s prilagodljivo dol\u017eino (poteg vozla gor oz. dol). <\/p>\n<p>MATERIAL: \u017dad,  \u010drno usnje<br \/>\nDU\u017dINA: podesiva (38-77 cm)<br \/>\nVELIKOST KAMNA: 1,1&#215;2,4 cm<br \/>\nDEBLJINA KAMENA: 0,6 cm<br \/>\nTE\u017dINA: 7,9 g<\/p>","protected":false},"excerpt":{"rendered":"<p>Unikaten obesek kolekcije Versy iz \u017dada na \u010drnem usnjenem traku s prilagodljivo dol\u017eino (poteg vozla gor oz. dol). MATERIAL: \u017dad, \u010drno usnje DOL\u017dINA: prilagodljiva (38-77 cm) VELIKOST KAMNA: 1,1&#215;2,4 cm DEBELINA KAMNA: 0,6 cm TE\u017dA: 7,9 g<\/p>","protected":false},"featured_media":26528,"template":"","meta":[],"product_brand":[],"product_cat":[92,309,89],"product_tag":[648,236],"class_list":{"0":"post-26527","1":"product","2":"type-product","3":"status-publish","4":"has-post-thumbnail","6":"product_cat-obeski-in-usnje","7":"product_cat-versy","8":"product_cat-zad","9":"product_tag-crno-usnje","10":"product_tag-zad","12":"first","13":"instock","14":"shipping-taxable","15":"purchasable","16":"product-type-simple"},"_links":{"self":[{"href":"https:\/\/moirai.si\/hr\/wp-json\/wp\/v2\/product\/26527","targetHints":{"allow":["GET"]}}],"collection":[{"href":"https:\/\/moirai.si\/hr\/wp-json\/wp\/v2\/product"}],"about":[{"href":"https:\/\/moirai.si\/hr\/wp-json\/wp\/v2\/types\/product"}],"wp:featuredmedia":[{"embeddable":true,"href":"https:\/\/moirai.si\/hr\/wp-json\/wp\/v2\/media\/26528"}],"wp:attachment":[{"href":"https:\/\/moirai.si\/hr\/wp-json\/wp\/v2\/media?parent=26527"}],"wp:term":[{"taxonomy":"product_brand","embeddable":true,"href":"https:\/\/moirai.si\/hr\/wp-json\/wp\/v2\/product_brand?post=26527"},{"taxonomy":"product_cat","embeddable":true,"href":"https:\/\/moirai.si\/hr\/wp-json\/wp\/v2\/product_cat?post=26527"},{"taxonomy":"product_tag","embeddable":true,"href":"https:\/\/moirai.si\/hr\/wp-json\/wp\/v2\/product_tag?post=26527"}],"curies":[{"name":"wp","href":"https:\/\/api.w.org\/{rel}","templated":true}]}}