{"id":26545,"date":"2025-10-27T12:39:19","date_gmt":"2025-10-27T12:39:19","guid":{"rendered":"https:\/\/moirai.si\/?post_type=product&#038;p=26545"},"modified":"2025-10-27T12:39:19","modified_gmt":"2025-10-27T12:39:19","slug":"versy-chrysocol-7","status":"publish","type":"product","link":"https:\/\/moirai.si\/hr\/izdelek\/versy-hrizokol-7\/","title":{"rendered":"Versy Krizokola"},"content":{"rendered":"<p>Unikaten obesek kolekcije Versy iz Hrizokole na \u010drnem usnjenem traku s prilagodljivo dol\u017eino (poteg vozla gor oz. dol). <\/p>\n<p>MATERIJAL: Krizokola, crna ko\u017ea<br \/>\nDU\u017dINA: podesiva (38-77 cm)<br \/>\nVELIKOST KAMNA: 1,4&#215;2,2 cm<br \/>\nDEBLJINA KAMENA: 1,1 cm<br \/>\nTE\u017dINA: 11,2 g<\/p>","protected":false},"excerpt":{"rendered":"<p>Unikaten obesek kolekcije Versy iz Hrizokole na \u010drnem usnjenem traku s prilagodljivo dol\u017eino (poteg vozla gor oz. dol). MATERIAL: Hrizokol, \u010drno usnje DOL\u017dINA: prilagodljiva (38-77 cm) VELIKOST KAMNA: 1,4&#215;2,2 cm DEBELINA KAMNA: 1,1 cm TE\u017dA: 11,2 g<\/p>","protected":false},"featured_media":26546,"template":"","meta":[],"product_brand":[],"product_cat":[780,92,309],"product_tag":[648,777],"class_list":{"0":"post-26545","1":"product","2":"type-product","3":"status-publish","4":"has-post-thumbnail","6":"product_cat-hrizokol","7":"product_cat-obeski-in-usnje","8":"product_cat-versy","9":"product_tag-crno-usnje","10":"product_tag-hrizokol","12":"first","13":"instock","14":"shipping-taxable","15":"purchasable","16":"product-type-simple"},"_links":{"self":[{"href":"https:\/\/moirai.si\/hr\/wp-json\/wp\/v2\/product\/26545","targetHints":{"allow":["GET"]}}],"collection":[{"href":"https:\/\/moirai.si\/hr\/wp-json\/wp\/v2\/product"}],"about":[{"href":"https:\/\/moirai.si\/hr\/wp-json\/wp\/v2\/types\/product"}],"wp:featuredmedia":[{"embeddable":true,"href":"https:\/\/moirai.si\/hr\/wp-json\/wp\/v2\/media\/26546"}],"wp:attachment":[{"href":"https:\/\/moirai.si\/hr\/wp-json\/wp\/v2\/media?parent=26545"}],"wp:term":[{"taxonomy":"product_brand","embeddable":true,"href":"https:\/\/moirai.si\/hr\/wp-json\/wp\/v2\/product_brand?post=26545"},{"taxonomy":"product_cat","embeddable":true,"href":"https:\/\/moirai.si\/hr\/wp-json\/wp\/v2\/product_cat?post=26545"},{"taxonomy":"product_tag","embeddable":true,"href":"https:\/\/moirai.si\/hr\/wp-json\/wp\/v2\/product_tag?post=26545"}],"curies":[{"name":"wp","href":"https:\/\/api.w.org\/{rel}","templated":true}]}}