{"id":26571,"date":"2025-10-27T14:51:48","date_gmt":"2025-10-27T14:51:48","guid":{"rendered":"https:\/\/moirai.si\/?post_type=product&#038;p=26571"},"modified":"2025-10-27T14:51:48","modified_gmt":"2025-10-27T14:51:48","slug":"versy-tigrovo-zelezo-3","status":"publish","type":"product","link":"https:\/\/moirai.si\/hr\/izdelek\/versy-tigrovo-zelezo-3\/","title":{"rendered":"Versy Tigrovo \u017delezo"},"content":{"rendered":"<p>Unikaten obesek kolekcije Versy iz Tigrovega \u017eeleza na \u010drnem usnjenem traku s prilagodljivo dol\u017eino (poteg vozla gor oz. dol). <\/p>\n<p>MATERIAL: Tigrovo \u017delezo, \u010drno usnje<br \/>\nDU\u017dINA: podesiva (38-77 cm)<br \/>\nVELIKOST KAMNA: 2,5&#215;3,4 cm<br \/>\nDEBLJINA KAMENA: 0,5 cm<br \/>\nTE\u017dINA: 12,3 g<\/p>","protected":false},"excerpt":{"rendered":"<p>Unikaten obesek kolekcije Versy iz Tigrovega \u017eeleza na \u010drnem usnjenem traku s prilagodljivo dol\u017eino (poteg vozla gor oz. dol). MATERIAL: Tigrovo \u017delezo, \u010drno usnje DOL\u017dINA: prilagodljiva (38-77 cm) VELIKOST KAMNA: 2,5&#215;3,4 cm DEBELINA KAMNA: 0,5 cm TE\u017dA: 12,3 g<\/p>","protected":false},"featured_media":26572,"template":"","meta":[],"product_brand":[],"product_cat":[86,92,76,81,309],"product_tag":[648,1149],"class_list":{"0":"post-26571","1":"product","2":"type-product","3":"status-publish","4":"has-post-thumbnail","6":"product_cat-macje-oko","7":"product_cat-obeski-in-usnje","8":"product_cat-sokolje-oko","9":"product_cat-tigrovo-oko","10":"product_cat-versy","11":"product_tag-crno-usnje","12":"product_tag-tigrovo-zelezo","14":"first","15":"instock","16":"shipping-taxable","17":"purchasable","18":"product-type-simple"},"_links":{"self":[{"href":"https:\/\/moirai.si\/hr\/wp-json\/wp\/v2\/product\/26571","targetHints":{"allow":["GET"]}}],"collection":[{"href":"https:\/\/moirai.si\/hr\/wp-json\/wp\/v2\/product"}],"about":[{"href":"https:\/\/moirai.si\/hr\/wp-json\/wp\/v2\/types\/product"}],"wp:featuredmedia":[{"embeddable":true,"href":"https:\/\/moirai.si\/hr\/wp-json\/wp\/v2\/media\/26572"}],"wp:attachment":[{"href":"https:\/\/moirai.si\/hr\/wp-json\/wp\/v2\/media?parent=26571"}],"wp:term":[{"taxonomy":"product_brand","embeddable":true,"href":"https:\/\/moirai.si\/hr\/wp-json\/wp\/v2\/product_brand?post=26571"},{"taxonomy":"product_cat","embeddable":true,"href":"https:\/\/moirai.si\/hr\/wp-json\/wp\/v2\/product_cat?post=26571"},{"taxonomy":"product_tag","embeddable":true,"href":"https:\/\/moirai.si\/hr\/wp-json\/wp\/v2\/product_tag?post=26571"}],"curies":[{"name":"wp","href":"https:\/\/api.w.org\/{rel}","templated":true}]}}