{"id":26617,"date":"2025-11-26T11:11:06","date_gmt":"2025-11-26T11:11:06","guid":{"rendered":"https:\/\/moirai.si\/?post_type=product&#038;p=26617"},"modified":"2026-01-28T12:43:54","modified_gmt":"2026-01-28T12:43:54","slug":"privjesak-od-ahata-2","status":"publish","type":"product","link":"https:\/\/moirai.si\/hr\/izdelek\/obesek-ahat-2\/","title":{"rendered":"Privjesak Ahat"},"content":{"rendered":"<p>Prekrasan privjesak od ahata i srebra 925, srebrni lan\u010di\u010d nije uklju\u010den u cijenu. <\/p>\n<p>MATERIJAL: Ahat, srebro 925<br \/>\nDIMENZIJA KAMENA: 1,5\u00d72,2 cm<br \/>\nDEBLJINA KAMENA: 0,5 cm<br \/>\nDU\u017dINA PRIVJESKA: 3,2 cm<br \/>\nTE\u017dINA: 5,4 g <\/p>","protected":false},"excerpt":{"rendered":"<p>\u010cudovit obesek Ahata in srebra 925. Veri\u017eica ni vklju\u010dena v ceno. MATERIAL: Ahat, srebro 925 VELIKOST KAMNA: 1,5&#215;2,2 cm DEBELINA KAMNA: 0,5 cm DOL\u017dINA OBESKA: 3,2 cm TE\u017dA: 5,4 g<\/p>","protected":false},"featured_media":26618,"template":"","meta":[],"product_brand":[],"product_cat":[30,910],"product_tag":[277,371],"class_list":{"0":"post-26617","1":"product","2":"type-product","3":"status-publish","4":"has-post-thumbnail","6":"product_cat-ahat","7":"product_cat-obeski-in-srebro","8":"product_tag-ahat","9":"product_tag-srebro-925","11":"first","12":"instock","13":"shipping-taxable","14":"purchasable","15":"product-type-simple"},"_links":{"self":[{"href":"https:\/\/moirai.si\/hr\/wp-json\/wp\/v2\/product\/26617","targetHints":{"allow":["GET"]}}],"collection":[{"href":"https:\/\/moirai.si\/hr\/wp-json\/wp\/v2\/product"}],"about":[{"href":"https:\/\/moirai.si\/hr\/wp-json\/wp\/v2\/types\/product"}],"wp:featuredmedia":[{"embeddable":true,"href":"https:\/\/moirai.si\/hr\/wp-json\/wp\/v2\/media\/26618"}],"wp:attachment":[{"href":"https:\/\/moirai.si\/hr\/wp-json\/wp\/v2\/media?parent=26617"}],"wp:term":[{"taxonomy":"product_brand","embeddable":true,"href":"https:\/\/moirai.si\/hr\/wp-json\/wp\/v2\/product_brand?post=26617"},{"taxonomy":"product_cat","embeddable":true,"href":"https:\/\/moirai.si\/hr\/wp-json\/wp\/v2\/product_cat?post=26617"},{"taxonomy":"product_tag","embeddable":true,"href":"https:\/\/moirai.si\/hr\/wp-json\/wp\/v2\/product_tag?post=26617"}],"curies":[{"name":"wp","href":"https:\/\/api.w.org\/{rel}","templated":true}]}}